{"id":26377,"date":"2024-06-02T13:26:11","date_gmt":"2024-06-02T11:26:11","guid":{"rendered":"https:\/\/roig.com\/privacidad\/"},"modified":"2026-02-23T11:44:46","modified_gmt":"2026-02-23T10:44:46","slug":"privacidad","status":"publish","type":"page","link":"https:\/\/roig.com\/pl\/privacidad\/","title":{"rendered":"POLITYKA PRYWATNO\u015aCI"},"content":{"rendered":"\t\t<div data-elementor-type=\"wp-page\" data-elementor-id=\"26377\" class=\"elementor elementor-26377 elementor-247\" data-elementor-post-type=\"page\">\n\t\t\t\t<div class=\"elementor-element elementor-element-285e3f2 e-flex e-con-boxed e-con e-parent\" data-id=\"285e3f2\" data-element_type=\"container\" data-e-type=\"container\">\n\t\t\t\t\t<div class=\"e-con-inner\">\n\t\t\t\t<div class=\"elementor-element elementor-element-f88a0d4 elementor-widget elementor-widget-heading\" data-id=\"f88a0d4\" data-element_type=\"widget\" data-e-type=\"widget\" data-widget_type=\"heading.default\">\n\t\t\t\t<div class=\"elementor-widget-container\">\n\t\t\t\t\t<h2 class=\"elementor-heading-title elementor-size-default\">POLITYKA PRYWATNO\u015aCI\n<\/h2>\t\t\t\t<\/div>\n\t\t\t\t<\/div>\n\t\t\t\t\t<\/div>\n\t\t\t\t<\/div>\n\t\t<div class=\"elementor-element elementor-element-42802ff e-flex e-con-boxed e-con e-parent\" data-id=\"42802ff\" data-element_type=\"container\" data-e-type=\"container\">\n\t\t\t\t\t<div class=\"e-con-inner\">\n\t\t\t\t<div class=\"elementor-element elementor-element-5292cbe elementor-widget elementor-widget-text-editor\" data-id=\"5292cbe\" data-element_type=\"widget\" data-e-type=\"widget\" data-widget_type=\"text-editor.default\">\n\t\t\t\t<div class=\"elementor-widget-container\">\n\t\t\t\t\t\t\t\t\t<p><span style=\"font-size: 16px; font-family: Poppins, Arial, Helvetica, sans-serif; font-variant-ligatures: normal; orphans: 2; widows: 2; text-decoration-thickness: initial; text-decoration-style: initial; text-decoration-color: initial;\">Poni\u017cej chcemy poinformowa\u0107 Ci\u0119 o przetwarzanych danych osobowych oraz o celu ich przetwarzania. Informujemy r\u00f3wnie\u017c o innych wa\u017cnych kwestiach zwi\u0105zanych z ochron\u0105 danych, np. o Twoich prawach.  <\/span><\/p>\t\t\t\t\t\t\t\t<\/div>\n\t\t\t\t<\/div>\n\t\t\t\t<div class=\"elementor-element elementor-element-c904e5f elementor-widget elementor-widget-text-editor\" data-id=\"c904e5f\" data-element_type=\"widget\" data-e-type=\"widget\" data-widget_type=\"text-editor.default\">\n\t\t\t\t<div class=\"elementor-widget-container\">\n\t\t\t\t\t\t\t\t\t<h3 class=\"rank-math-question \">Kto jest administratorem Twoich danych?<\/h3><div class=\"rank-math-answer \"><p>MJR de Gesti\u00f3n Empresarial S.L., jako firma zarz\u0105dzaj\u0105ca ROIG Rentacar (Autos d\u2019Or Rentacar S.L.U, NIP: B-07697022) oraz ROIG Bus, ROIG Taxi, ROIG Premium (ROIG BUS S.A., NIP: A-07111628), jest administratorem Twoich danych.<br><strong>Identyfikacja:<\/strong> MJR de Gesti\u00f3n Empresarial S.L. NIP: B-07708134 \u2013 Rejestr Handlowy w Palmie de Mallorca \u2013 Tomo 2423, Ksi\u0119ga: 0, Folio: 104, Arkusz: PM-18816, Wpis: 8\u00aa<br><strong>Adres korespondencyjny: <\/strong>Avda. Benvinguts n\u00ba 64 Local C. C.P.: 07600 Cala d\u2019Or, Santanyi, Islas Baleares, Espa\u00f1a. <br><strong>Telefon: <\/strong>+34971657173<br><strong>E-mail:: <\/strong>informatica@roig.com<\/p><\/div>\t\t\t\t\t\t\t\t<\/div>\n\t\t\t\t<\/div>\n\t\t\t\t<div class=\"elementor-element elementor-element-69dda81 elementor-widget elementor-widget-text-editor\" data-id=\"69dda81\" data-element_type=\"widget\" data-e-type=\"widget\" data-widget_type=\"text-editor.default\">\n\t\t\t\t<div class=\"elementor-widget-container\">\n\t\t\t\t\t\t\t\t\t<div id=\"faq-question-63ff5deee7e64\" class=\"rank-math-list-item\">\n<h3 class=\"rank-math-question \">W jakim celu przetwarzamy Twoje dane osobowe?<\/h3>\n<div class=\"rank-math-answer \">\n<p>1. Zarz\u0105dzanie relacj\u0105 umown\u0105 polegaj\u0105c\u0105 na wynajmie pojazd\u00f3w z kierowc\u0105 lub bez.&nbsp;<\/p><p>Przetwarzamy informacje przekazane nam przez osoby zainteresowane w celu zawarcia i zarz\u0105dzania umowami wynajmu samochod\u00f3w z kierowc\u0105 lub bez. Obs\u0142uga zapyta\u0144 lub wniosk\u00f3w, przeprowadzanie kontroli jako\u015bci i ankiet satysfakcji. Umowa us\u0142ugi wi\u0105\u017ce si\u0119 z otrzymywaniem informacyjnych wiadomo\u015bci e-mail zwi\u0105zanych z t\u0105 us\u0142ug\u0105. Nie tworzymy profili u\u017cytkownik\u00f3w na podstawie przekazanych nam danych osobowych. Dla procesu fakturowania zam\u00f3wionej us\u0142ugi i wype\u0142nienia obowi\u0105zuj\u0105cych przepis\u00f3w podatkowych.   <\/p>\n<p>2. Za\u0142atwianie spraw zwi\u0105zanych z mandatami drogowymi.<br>W przypadku na\u0142o\u017cenia mandatu podczas wynajmu samochodu bez kierowcy, jeste\u015bmy zobowi\u0105zani przez prawo do identyfikacji g\u0142\u00f3wnego kierowcy wymienionego w umowie i przekazania jego danych osobowych organom w\u0142adzy, aby mog\u0142y one przes\u0142a\u0107 mu mandat za pope\u0142nione wykroczenie. <\/p>\n<p>3. 3. Zg\u0142aszanie zdarze\u0144, np. szk\u00f3d w czasie wynajmu pojazdu bez kierowcy.<br>W przypadku wypadk\u00f3w, mo\u017ce zosta\u0107 za\u017c\u0105dane od nas przekazanie danych osobowych kierowcy w celu przeprowadzenia procedur zwi\u0105zanych z ubezpieczeniem pojazdu.<br><br><\/p>\n<p>4. Cele marketingowe.<br>Je\u015bli nam na to zezwolisz, b\u0119dziemy wysy\u0142a\u0107 Ci okazjonalnie komunikaty marketingowe, kt\u00f3re uznamy za potencjalnie interesuj\u0105ce, aby\u015b by\u0142 na bie\u017c\u0105co z naszymi ofertami lub wiadomo\u015bciami grupy, a tak\u017ce oferowa\u0107 promocje, konkursy, zaprasza\u0107 na wydarzenia itp. Mo\u017cemy przesy\u0142a\u0107 te informacje za pomoc\u0105 \u015brodk\u00f3w drukowanych, elektronicznych i telefonicznych. <br>Informujemy, \u017ce w ka\u017cdej chwili mo\u017cesz zrezygnowa\u0107 z otrzymywania tych komunikat\u00f3w. Wystarczy, \u017ce poprosisz o &#8222;Wypisanie&#8221; z komunikacji.  <\/p>\n<\/div>\n<\/div>\n<div id=\"faq-question-63ff5deee7e65\" class=\"rank-math-list-item\">&nbsp;<\/div>\t\t\t\t\t\t\t\t<\/div>\n\t\t\t\t<\/div>\n\t\t\t\t<div class=\"elementor-element elementor-element-a4241b4 elementor-widget elementor-widget-text-editor\" data-id=\"a4241b4\" data-element_type=\"widget\" data-e-type=\"widget\" data-widget_type=\"text-editor.default\">\n\t\t\t\t<div class=\"elementor-widget-container\">\n\t\t\t\t\t\t\t\t\t<div id=\"faq-question-63ff5deee7e64\" class=\"rank-math-list-item\"><h3 class=\"rank-math-question \">Jak d\u0142ugo przechowujemy Twoje dane?<\/h3><div class=\"rank-math-answer \"><p>Dane przetwarzane w celu wykonania umowy najmu i wype\u0142nienia obowi\u0105zku prawnego b\u0119d\u0105 przechowywane przez czas trwania tej relacji umownej, a po jej zako\u0144czeniu \u2013 przez okresy przechowywania i przedawnienia roszcze\u0144 przewidziane prawnie.<br>Dane przetwarzane w celu wysy\u0142ki komunikacji marketingowej b\u0119d\u0105 przechowywane do momentu wycofania przez u\u017cytkownika zgody na ich otrzymywanie, niezale\u017cnie od zako\u0144czenia relacji umownej.<\/p><\/div><\/div>\t\t\t\t\t\t\t\t<\/div>\n\t\t\t\t<\/div>\n\t\t\t\t<div class=\"elementor-element elementor-element-861a0a3 elementor-widget elementor-widget-text-editor\" data-id=\"861a0a3\" data-element_type=\"widget\" data-e-type=\"widget\" data-widget_type=\"text-editor.default\">\n\t\t\t\t<div class=\"elementor-widget-container\">\n\t\t\t\t\t\t\t\t\t<div id=\"faq-question-63ff5deee7e64\" class=\"rank-math-list-item\"><h3 class=\"rank-math-question \">Jaka jest podstawa prawna przetwarzania Twoich danych?<\/h3><div class=\"rank-math-answer \"><p>Podstaw\u0105 prawn\u0105 przetwarzania danych w celach okre\u015blonych powy\u017cej jest:<br>Dla cel\u00f3w 1, 2, 3 \u2013 wykonanie umowy z nami na \u015bwiadczenie i zarz\u0105dzanie us\u0142ugami, kt\u00f3rych za\u017c\u0105da\u0142e\u015b.<br>Dla celu 4 \u2013 wyra\u017ana zgoda udzielona na otrzymywanie komunikacji, czy to w momencie zbierania danych podczas procesu rezerwacji, zapisu do newslettera, czy sk\u0142adania zapyta\u0144 informacyjnych.<\/p><\/div><\/div>\t\t\t\t\t\t\t\t<\/div>\n\t\t\t\t<\/div>\n\t\t\t\t<div class=\"elementor-element elementor-element-4410f0e elementor-widget elementor-widget-text-editor\" data-id=\"4410f0e\" data-element_type=\"widget\" data-e-type=\"widget\" data-widget_type=\"text-editor.default\">\n\t\t\t\t<div class=\"elementor-widget-container\">\n\t\t\t\t\t\t\t\t\t<div id=\"faq-question-63ff5deee7e64\" class=\"rank-math-list-item\"><h3 class=\"rank-math-question \">Komu zostan\u0105 przekazane Twoje dane?<\/h3><div class=\"rank-math-answer \"><p>Dane osobowe nie b\u0119d\u0105 udost\u0119pniane osobom trzecim, z wyj\u0105tkiem przypadk\u00f3w wymaganych przepisami prawa, takich jak identyfikacja klienta w sprawie mandatu karnego, obs\u0142uga szk\u00f3d lub inne wymogi w\u0142adz lub organ\u00f3w publicznych, kt\u00f3re zobowi\u0105zuj\u0105 nas do przekazania Twoich danych osobowych dla ich w\u0142asnych cel\u00f3w, np. w przypadku oszustw.<br>Zgodnie z obowi\u0105zuj\u0105cymi przepisami informujemy, \u017ce nie s\u0105 planowane mi\u0119dzynarodowe transfery danych osobowych. <\/p><\/div><\/div>\t\t\t\t\t\t\t\t<\/div>\n\t\t\t\t<\/div>\n\t\t\t\t<div class=\"elementor-element elementor-element-35604a8 elementor-widget elementor-widget-text-editor\" data-id=\"35604a8\" data-element_type=\"widget\" data-e-type=\"widget\" data-widget_type=\"text-editor.default\">\n\t\t\t\t<div class=\"elementor-widget-container\">\n\t\t\t\t\t\t\t\t\t<div id=\"faq-question-63ff5deee7e64\" class=\"rank-math-list-item\"><h3 class=\"rank-math-question \">Jakie masz prawa w zwi\u0105zku z przekazaniem nam swoich danych?<\/h3><div class=\"rank-math-answer \"><p>Ka\u017cda osoba, niezale\u017cnie czy jest klientem, czy u\u017cytkownikiem, ma prawo uzyska\u0107 potwierdzenie, czy przetwarzamy dotycz\u0105ce jej dane osobowe, czy te\u017c nie.<br>Osoby, kt\u00f3rych dane dotycz\u0105, maj\u0105 prawo dost\u0119pu do swoich danych osobowych, a tak\u017ce do \u017c\u0105dania sprostowania nieprawid\u0142owych danych lub, w stosownych przypadkach, ich usuni\u0119cia, gdy mi\u0119dzy innymi dane nie s\u0105 ju\u017c potrzebne do cel\u00f3w, dla kt\u00f3rych zosta\u0142y zebrane.<br>W okre\u015blonych okoliczno\u015bciach osoby, kt\u00f3rych dane dotycz\u0105, mog\u0105 \u017c\u0105da\u0107 ograniczenia przetwarzania swoich danych \u2013 w\u00f3wczas b\u0119dziemy je przechowywa\u0107 wy\u0142\u0105cznie w celu dochodzenia lub obrony roszcze\u0144. W okre\u015blonych sytuacjach i z przyczyn zwi\u0105zanych z ich szczeg\u00f3ln\u0105 sytuacj\u0105, osoby te mog\u0105 wnie\u015b\u0107 sprzeciw wobec przetwarzania ich danych.<br>Zaprzestaniemy przetwarzania danych, chyba \u017ce istniej\u0105 wa\u017cne, prawnie uzasadnione podstawy lub konieczno\u015b\u0107 dochodzenia lub obrony ewentualnych roszcze\u0144.<br>Aby skorzysta\u0107 z powy\u017cszych praw, u\u017cytkownik lub klient mo\u017ce wys\u0142a\u0107 swoje \u017c\u0105danie, z potwierdzeniem to\u017csamo\u015bci, na adres e-mail: informatica@roig.com lub poczt\u0105 na adres: MJR de Gesti\u00f3n Empresarial S.L.U., Avda. Benvinguts n\u00ba 64 Local C, C.P.: 07200 Cala d\u2019Or, Santanyi, Islas Baleares, Espa\u00f1a.<br>W ka\u017cdym przypadku u\u017cytkownik lub klient ma prawo wnie\u015b\u0107 skarg\u0119 do w\u0142a\u015bciwego organu nadzorczego \u2013 Agencia Espa\u00f1ola de Protecci\u00f3n de Datos (Hiszpa\u0144skiej Agencji Ochrony Danych), je\u015bli uzna to za stosowne.  <\/p><\/div><\/div>\t\t\t\t\t\t\t\t<\/div>\n\t\t\t\t<\/div>\n\t\t\t\t<div class=\"elementor-element elementor-element-d45ede3 elementor-widget elementor-widget-text-editor\" data-id=\"d45ede3\" data-element_type=\"widget\" data-e-type=\"widget\" data-widget_type=\"text-editor.default\">\n\t\t\t\t<div class=\"elementor-widget-container\">\n\t\t\t\t\t\t\t\t\t<div id=\"faq-question-63ff5deee7e64\" class=\"rank-math-list-item\"><h3 class=\"rank-math-question \">W jaki spos\u00f3b pozyskali\u015bmy Twoje dane?<\/h3><div class=\"rank-math-answer \"><p>Zazwyczaj zawsze pozyskujemy dane bezpo\u015brednio od klienta:<br>a) Kiedy dokonujesz rezerwacji lub rejestrujesz si\u0119 w naszym systemie, wymagamy od Ciebie danych identyfikacyjnych i kontaktowych.<br>b) Dodatkowo, gdy rezerwacja jest dokonywana przez agenta po\u015brednicz\u0105cego, przetwarzane przez nas dane osobowe pochodz\u0105 od tego po\u015brednika, za kt\u00f3rego po\u015brednictwem dokona\u0142e\u015b rezerwacji i kt\u00f3remu zosta\u0142o udzielone zezwolenie na przekazanie danych osobowych w celu \u015bwiadczenia us\u0142ugi.<\/p><\/div><\/div>\t\t\t\t\t\t\t\t<\/div>\n\t\t\t\t<\/div>\n\t\t\t\t<div class=\"elementor-element elementor-element-f8802a8 elementor-widget elementor-widget-text-editor\" data-id=\"f8802a8\" data-element_type=\"widget\" data-e-type=\"widget\" data-widget_type=\"text-editor.default\">\n\t\t\t\t<div class=\"elementor-widget-container\">\n\t\t\t\t\t\t\t\t\t<div id=\"faq-question-63ff5deee7e64\" class=\"rank-math-list-item\"><h3 class=\"rank-math-question \">Aktualizacje niniejszej Polityki Prywatno\u015bci<\/h3><div class=\"rank-math-answer \"><p>Niniejsza Polityka Prywatno\u015bci mo\u017ce wymaga\u0107 aktualizacji; dlatego konieczne jest jej okresowe sprawdzanie, a je\u015bli to mo\u017cliwe \u2013 za ka\u017cdym razem podczas korzystania ze Strony Internetowej, zw\u0142aszcza gdy zawierasz umow\u0119 na us\u0142ug\u0119 lub wyra\u017casz zgod\u0119 na przetwarzanie danych. Wszelkie zmiany wejd\u0105 w \u017cycie z chwil\u0105 opublikowania zaktualizowanej Polityki Prywatno\u015bci na Stronie Internetowej.  <\/p><\/div><\/div>\t\t\t\t\t\t\t\t<\/div>\n\t\t\t\t<\/div>\n\t\t\t\t<div class=\"elementor-element elementor-element-81fa4ba elementor-widget elementor-widget-text-editor\" data-id=\"81fa4ba\" data-element_type=\"widget\" data-e-type=\"widget\" data-widget_type=\"text-editor.default\">\n\t\t\t\t<div class=\"elementor-widget-container\">\n\t\t\t\t\t\t\t\t\t<div id=\"faq-question-63ff5deee7e64\" class=\"rank-math-list-item\"><h3 class=\"rank-math-question \">Polityka plik\u00f3w cookies<\/h3><div class=\"rank-math-answer \"><p>Aby dowiedzie\u0107 si\u0119, jakich plik\u00f3w cookies u\u017cywamy na tej stronie internetowej, mo\u017cesz zapozna\u0107 si\u0119 z nimi pod nast\u0119puj\u0105cym linkiem: <a href=\"https:\/\/www.roig.com\/cookies\/\">https:\/\/www.roig.com\/cookies<\/a><\/p><\/div><\/div>\t\t\t\t\t\t\t\t<\/div>\n\t\t\t\t<\/div>\n\t\t\t\t\t<\/div>\n\t\t\t\t<\/div>\n\t\t\t\t<\/div>\n\t\t","protected":false},"excerpt":{"rendered":"<p>POLITYKA PRYWATNO\u015aCI Poni\u017cej chcemy poinformowa\u0107 Ci\u0119 o przetwarzanych danych osobowych oraz o celu ich przetwarzania. Informujemy r\u00f3wnie\u017c o innych wa\u017cnych kwestiach zwi\u0105zanych z ochron\u0105 danych, np. o Twoich prawach. Kto jest administratorem Twoich danych? MJR de Gesti\u00f3n Empresarial S.L., jako firma zarz\u0105dzaj\u0105ca ROIG Rentacar (Autos d\u2019Or Rentacar S.L.U, NIP: B-07697022) oraz ROIG Bus, ROIG Taxi, [&hellip;]<\/p>\n","protected":false},"author":1,"featured_media":26378,"parent":0,"menu_order":0,"comment_status":"closed","ping_status":"closed","template":"","meta":{"footnotes":""},"class_list":["post-26377","page","type-page","status-publish","has-post-thumbnail","hentry"],"_links":{"self":[{"href":"https:\/\/roig.com\/pl\/wp-json\/wp\/v2\/pages\/26377","targetHints":{"allow":["GET"]}}],"collection":[{"href":"https:\/\/roig.com\/pl\/wp-json\/wp\/v2\/pages"}],"about":[{"href":"https:\/\/roig.com\/pl\/wp-json\/wp\/v2\/types\/page"}],"author":[{"embeddable":true,"href":"https:\/\/roig.com\/pl\/wp-json\/wp\/v2\/users\/1"}],"replies":[{"embeddable":true,"href":"https:\/\/roig.com\/pl\/wp-json\/wp\/v2\/comments?post=26377"}],"version-history":[{"count":2,"href":"https:\/\/roig.com\/pl\/wp-json\/wp\/v2\/pages\/26377\/revisions"}],"predecessor-version":[{"id":26380,"href":"https:\/\/roig.com\/pl\/wp-json\/wp\/v2\/pages\/26377\/revisions\/26380"}],"wp:featuredmedia":[{"embeddable":true,"href":"https:\/\/roig.com\/pl\/wp-json\/wp\/v2\/media\/26378"}],"wp:attachment":[{"href":"https:\/\/roig.com\/pl\/wp-json\/wp\/v2\/media?parent=26377"}],"curies":[{"name":"wp","href":"https:\/\/api.w.org\/{rel}","templated":true}]}}