{"id":2087,"date":"2024-06-02T13:18:07","date_gmt":"2024-06-02T11:18:07","guid":{"rendered":"https:\/\/roig.it-satzinger.de\/mentions-legales\/"},"modified":"2025-06-13T13:07:41","modified_gmt":"2025-06-13T11:07:41","slug":"avviso-legale","status":"publish","type":"page","link":"https:\/\/roig.com\/it\/avviso-legale\/","title":{"rendered":"AVVISO LEGALE"},"content":{"rendered":"\t\t<div data-elementor-type=\"wp-page\" data-elementor-id=\"2087\" class=\"elementor elementor-2087 elementor-233\" data-elementor-post-type=\"page\">\n\t\t\t\t<div class=\"elementor-element elementor-element-dcf54af e-flex e-con-boxed e-con e-parent\" data-id=\"dcf54af\" data-element_type=\"container\" data-e-type=\"container\">\n\t\t\t\t\t<div class=\"e-con-inner\">\n\t\t\t\t\t<\/div>\n\t\t\t\t<\/div>\n\t\t<div class=\"elementor-element elementor-element-7918298 e-flex e-con-boxed e-con e-parent\" data-id=\"7918298\" data-element_type=\"container\" data-e-type=\"container\">\n\t\t\t\t\t<div class=\"e-con-inner\">\n\t\t\t\t<div class=\"elementor-element elementor-element-de74dde elementor-widget elementor-widget-text-editor\" data-id=\"de74dde\" data-element_type=\"widget\" data-e-type=\"widget\" data-widget_type=\"text-editor.default\">\n\t\t\t\t<div class=\"elementor-widget-container\">\n\t\t\t\t\t\t\t\t\t<p><strong>CONDIZIONI GENERALI D&#8217;USO DEL SITO WEB<\/strong><a href=\"https:\/\/www.roig.com\/\"> roig.com<\/a><\/p>\n\t\t\t\t\t\t\t\t<\/div>\n\t\t\t\t<\/div>\n\t\t\t\t<div class=\"elementor-element elementor-element-8f93585 elementor-widget elementor-widget-text-editor\" data-id=\"8f93585\" data-element_type=\"widget\" data-e-type=\"widget\" data-widget_type=\"text-editor.default\">\n\t\t\t\t<div class=\"elementor-widget-container\">\n\t\t\t\t\t\t\t\t\t<p><strong>Propriet\u00e0 Intellettuale e Industriale<\/strong><br \/>L&#8217;intero sito web (testi, marchi, loghi, immagini, cos\u00ec come la struttura, selezione, organizzazione e presentazione dei suoi contenuti) \u00e8 protetto dalle leggi spagnole e internazionali sulla Propriet\u00e0 Intellettuale e Industriale.<\/p>\n<p>L&#8217;accesso a questo sito web non costituisce in alcun modo una licenza per la sua riproduzione e\/o distribuzione; tali attivit\u00e0 sono espressamente vietate senza il permesso espresso e scritto di ROIG Mobility &amp; Experiences.<\/p>\n\t\t\t\t\t\t\t\t<\/div>\n\t\t\t\t<\/div>\n\t\t\t\t<div class=\"elementor-element elementor-element-ce770d0 elementor-widget elementor-widget-text-editor\" data-id=\"ce770d0\" data-element_type=\"widget\" data-e-type=\"widget\" data-widget_type=\"text-editor.default\">\n\t\t\t\t<div class=\"elementor-widget-container\">\n\t\t\t\t\t\t\t\t\t<p><strong>Responsabilit\u00e0<\/strong><\/p>\n<p>\u00b7 Questo sito web, tra gli altri servizi, raccoglie una serie di link ad altri siti web su Internet. Questi link non rappresentano alcun tipo di relazione tra ROIG Mobility &amp; Experiences e i singoli o le aziende proprietarie dei siti web collegati. ROIG Mobility &amp; Experiences non \u00e8 responsabile dei contenuti pubblicati dai siti web collegati e rispetta i diritti di propriet\u00e0 intellettuale che i loro autori potrebbero possedere. Qualsiasi corrispondenza, acquisto di beni o servizi effettuato dall&#8217;utente con i proprietari dei siti web collegati \u00e8 strettamente responsabilit\u00e0 dell&#8217;utente e dei suddetti proprietari.   <\/p>\n<p>ROIG Mobility &amp; Experiences non si assume, in nessun caso, alcuna responsabilit\u00e0 per i danni che potrebbero derivare dagli utenti di questo sito web, per l&#8217;uso illegale o improprio dello stesso o dei contenuti e delle informazioni accessibili o fornite tramite esso.<\/p>\n<p>ROIG Mobility &amp; Experiences non garantisce che questo sito web sia operativo in ogni momento a causa della possibilit\u00e0 di problemi nella rete Internet, guasti nei server e altre possibili contingenze imprevedibili.<\/p>\n<p>ROIG Mobility &amp; Experiences non si assume alcuna responsabilit\u00e0 per danni o pregiudizi diretti o indiretti derivanti dall&#8217;uso di questo sito web, compresi danni ai sistemi informatici e l&#8217;introduzione di virus.<\/p>\n\t\t\t\t\t\t\t\t<\/div>\n\t\t\t\t<\/div>\n\t\t\t\t<div class=\"elementor-element elementor-element-48167b5 elementor-widget elementor-widget-text-editor\" data-id=\"48167b5\" data-element_type=\"widget\" data-e-type=\"widget\" data-widget_type=\"text-editor.default\">\n\t\t\t\t<div class=\"elementor-widget-container\">\n\t\t\t\t\t\t\t\t\t<p><strong>Accesso e uso del sito web<\/strong><\/p>\n<p>Questo sito web pu\u00f2 essere visitato liberamente dagli utenti, l&#8217;uso di questo sito \u00e8 esclusivamente a livello personale.<\/p>\n<p>L&#8217;accesso a questo sito web, cos\u00ec come l&#8217;uso che si pu\u00f2 fare delle informazioni e dei contenuti inclusi, sar\u00e0 di esclusiva responsabilit\u00e0 di chi lo effettua. Le condizioni di accesso a questo sito web saranno subordinate alla legislazione vigente e ai principi di buona fede e uso lecito da parte dell&#8217;utente, con divieto generale di qualsiasi azione a danno di ROIG Mobility &amp; Experiences o di terzi. <\/p>\n<p>Si considerer\u00e0 severamente vietato l&#8217;uso di questo sito web per scopi illegali o non autorizzati, in particolare e senza carattere esaustivo: <br \/>\u00b7 Qualsiasi forma di violazione dei diritti di terzi (diritto alla privacy, all&#8217;immagine personale, al segreto delle comunicazioni, alla propriet\u00e0 intellettuale e industriale, alla protezione dei dati personali, ecc.)<br \/>\u00b7 Pubblicare, divulgare, annunciare, qualsiasi materiale, argomento o informazione con contenuti osceni, pornografici, abusivi, diffamatori o illegali.<br \/>\u00b7Inserire qualsiasi tipo di virus informatico, file difettosi, ecc., che possano causare danni o alterazioni non autorizzate dei contenuti o dei sistemi di qualsiasi tipo accessibili tramite questo sito web.<\/p>\n<p>ROIG Mobility &amp; Experiences si riserva il diritto di sospendere l&#8217;accesso al proprio sito web, senza preavviso, in modo discrezionale e temporaneo, per ragioni tecniche o di qualsiasi altro tipo.<\/p>\n<p>Ai titolari di siti web collegati (link) con il sito <a href=\"https:\/\/www.roig.com\/\">roig.com<\/a><\/p>\n<p>I titolari dei siti web collegati con il presente sito possono manifestare la loro volont\u00e0 di non farne pi\u00f9 parte. A tal fine, dovranno fare una richiesta esplicita inviando un messaggio a <a href=\"mailto:info@roig.com\">info@roig.com<\/a><\/p>\n\t\t\t\t\t\t\t\t<\/div>\n\t\t\t\t<\/div>\n\t\t\t\t<div class=\"elementor-element elementor-element-139d6dc elementor-widget elementor-widget-text-editor\" data-id=\"139d6dc\" data-element_type=\"widget\" data-e-type=\"widget\" data-widget_type=\"text-editor.default\">\n\t\t\t\t<div class=\"elementor-widget-container\">\n\t\t\t\t\t\t\t\t\t<p><strong>ALTRI CONDIZIONI<\/strong><\/p>\n<p>1. ROIG Mobility &amp; Experiences si riserva il diritto di modificare in qualsiasi momento la totalit\u00e0 o parte dei contenuti di questo sito web cos\u00ec come le condizioni di accesso.<\/p>\n<p>2. Le presenti Condizioni Generali e tutte le relazioni che si instaurano tra l&#8217;utente e ROIG Mobility &amp; Experiences saranno regolamentate dalla legislazione spagnola, e i Tribunali e le Corti di Spagna saranno competenti per la risoluzione di tutti i conflitti derivanti o correlati all&#8217;uso di questo sito web.<\/p>\n<p>3. L&#8217;utilizzo di questo sito web implica l&#8217;accettazione delle precedenti Condizioni Generali.<\/p>\n<p>ROIG Mobility &amp; Experiences \u00e8 composto da:<\/p>\n<p>AUTOS D\u00b4OR RENT A CAR, S.L.U<br \/>Avda. Bienvenidos, n\u00ba64.<br \/>Cala D\u00b4Or (Santanyi)<br \/>07660 Baleares<br \/>Espa\u00f1a<br \/>N.I.F. n\u00ba B-07697022<br \/>Iscritta nel Registro delle Imprese di Maiorca al Volume 1801, Foglio 86, Foglio PM-18348 <\/p>\n\t\t\t\t\t\t\t\t<\/div>\n\t\t\t\t<\/div>\n\t\t\t\t\t<\/div>\n\t\t\t\t<\/div>\n\t\t\t\t<\/div>\n\t\t","protected":false},"excerpt":{"rendered":"<p>CONDIZIONI GENERALI D&#8217;USO DEL SITO WEB roig.com Propriet\u00e0 Intellettuale e IndustrialeL&#8217;intero sito web (testi, marchi, loghi, immagini, cos\u00ec come la struttura, selezione, organizzazione e presentazione dei suoi contenuti) \u00e8 protetto dalle leggi spagnole e internazionali sulla Propriet\u00e0 Intellettuale e Industriale. L&#8217;accesso a questo sito web non costituisce in alcun modo una licenza per la sua [&hellip;]<\/p>\n","protected":false},"author":1,"featured_media":0,"parent":0,"menu_order":0,"comment_status":"closed","ping_status":"closed","template":"","meta":{"footnotes":""},"class_list":["post-2087","page","type-page","status-publish","hentry"],"_links":{"self":[{"href":"https:\/\/roig.com\/it\/wp-json\/wp\/v2\/pages\/2087","targetHints":{"allow":["GET"]}}],"collection":[{"href":"https:\/\/roig.com\/it\/wp-json\/wp\/v2\/pages"}],"about":[{"href":"https:\/\/roig.com\/it\/wp-json\/wp\/v2\/types\/page"}],"author":[{"embeddable":true,"href":"https:\/\/roig.com\/it\/wp-json\/wp\/v2\/users\/1"}],"replies":[{"embeddable":true,"href":"https:\/\/roig.com\/it\/wp-json\/wp\/v2\/comments?post=2087"}],"version-history":[{"count":0,"href":"https:\/\/roig.com\/it\/wp-json\/wp\/v2\/pages\/2087\/revisions"}],"wp:attachment":[{"href":"https:\/\/roig.com\/it\/wp-json\/wp\/v2\/media?parent=2087"}],"curies":[{"name":"wp","href":"https:\/\/api.w.org\/{rel}","templated":true}]}}