{"id":16905,"date":"2024-07-07T19:15:20","date_gmt":"2024-07-07T17:15:20","guid":{"rendered":"https:\/\/roig.zds.es\/roigpremium\/destinos\/coche-de-lujo-cala-dor\/"},"modified":"2025-06-20T11:46:50","modified_gmt":"2025-06-20T09:46:50","slug":"auto-di-lusso-cala-dor","status":"publish","type":"page","link":"https:\/\/roig.com\/it\/roigpremium\/destinazioni\/auto-di-lusso-cala-dor\/","title":{"rendered":"Noleggio auto di lusso a Cala d&#8217;Or"},"content":{"rendered":"\t\t<div data-elementor-type=\"wp-page\" data-elementor-id=\"16905\" class=\"elementor elementor-16905 elementor-2126\" data-elementor-post-type=\"page\">\n\t\t\t\t<div class=\"elementor-element elementor-element-200ba2c e-flex e-con-boxed e-con e-parent\" data-id=\"200ba2c\" data-element_type=\"container\" data-e-type=\"container\">\n\t\t\t\t\t<div class=\"e-con-inner\">\n\t\t\t\t<div class=\"elementor-element elementor-element-da3091f elementor-widget elementor-widget-heading\" data-id=\"da3091f\" data-element_type=\"widget\" data-e-type=\"widget\" data-widget_type=\"heading.default\">\n\t\t\t\t<div class=\"elementor-widget-container\">\n\t\t\t\t\t<h1 class=\"elementor-heading-title elementor-size-default\">Noleggio auto di lusso a Cala d'Or<\/h1>\t\t\t\t<\/div>\n\t\t\t\t<\/div>\n\t\t\t\t<div class=\"elementor-element elementor-element-ac0dca8 elementor-widget elementor-widget-text-editor\" data-id=\"ac0dca8\" data-element_type=\"widget\" data-e-type=\"widget\" data-widget_type=\"text-editor.default\">\n\t\t\t\t<div class=\"elementor-widget-container\">\n\t\t\t\t\t\t\t\t\t<p>Ti invitiamo a scoprire il nostro esclusivo servizio di noleggio auto di lusso a Cala d\u2019Or, una delle destinazioni turistiche pi\u00f9 popolari di Maiorca. Scegli tra i modelli disponibili nella nostra moderna flotta, che viene rinnovata anno dopo anno, a prezzi imbattibili e con un servizio professionale e personalizzato. <\/p>\n<p>Fidati della nostra esperienza e scopri tutti i vantaggi di scegliere ROIG Premium Mobility per il tuo noleggio auto a Cala d\u2019Or.<\/p>\n\t\t\t\t\t\t\t\t<\/div>\n\t\t\t\t<\/div>\n\t\t\t\t\t<\/div>\n\t\t\t\t<\/div>\n\t\t<div class=\"elementor-element elementor-element-cb9e737 e-flex e-con-boxed e-con e-parent\" data-id=\"cb9e737\" data-element_type=\"container\" data-e-type=\"container\">\n\t\t\t\t\t<div class=\"e-con-inner\">\n\t\t<div class=\"elementor-element elementor-element-fec9c52 e-con-full e-flex e-con e-child\" data-id=\"fec9c52\" data-element_type=\"container\" data-e-type=\"container\">\n\t\t\t\t<div class=\"elementor-element elementor-element-b71aac4 elementor-widget elementor-widget-heading\" data-id=\"b71aac4\" data-element_type=\"widget\" data-e-type=\"widget\" data-widget_type=\"heading.default\">\n\t\t\t\t<div class=\"elementor-widget-container\">\n\t\t\t\t\t<h2 class=\"elementor-heading-title elementor-size-default\">La nostra flotta di lusso a Cala d\u2019Or<\/h2>\t\t\t\t<\/div>\n\t\t\t\t<\/div>\n\t\t\t\t<div class=\"elementor-element elementor-element-524e5b6 elementor-widget elementor-widget-text-editor\" data-id=\"524e5b6\" data-element_type=\"widget\" data-e-type=\"widget\" data-widget_type=\"text-editor.default\">\n\t\t\t\t<div class=\"elementor-widget-container\">\n\t\t\t\t\t\t\t\t\t<p>Ti invitiamo a scoprire il nostro esclusivo servizio di noleggio auto di lusso a Cala d\u2019Or, una delle destinazioni turistiche pi\u00f9 popolari di Maiorca. Scegli tra i modelli disponibili nella nostra moderna flotta, che viene rinnovata anno dopo anno, a prezzi imbattibili e con un servizio professionale e personalizzato. <\/p>\n<p>Fidati della nostra esperienza e scopri tutti i vantaggi di scegliere ROIG Premium Mobility per il tuo noleggio auto a Cala d\u2019Or.<\/p>\n\t\t\t\t\t\t\t\t<\/div>\n\t\t\t\t<\/div>\n\t\t\t\t<div class=\"elementor-element elementor-element-a5b777f elementor-widget elementor-widget-text-editor\" data-id=\"a5b777f\" data-element_type=\"widget\" data-e-type=\"widget\" data-widget_type=\"text-editor.default\">\n\t\t\t\t<div class=\"elementor-widget-container\">\n\t\t\t\t\t\t\t\t\t<p>Vuoi <a href=\"https:\/\/roig.com\/flota\/descapotable\/\" data-type=\"URL\" data-id=\"https:\/\/roig.com\/flota\/descapotable\/\">noleggiare una decappottabile a Cala d\u2019Or<\/a>? In ROIG Premium Mobility offriamo un\u2019ampia gamma di cabriolet di alta gamma, inclusi gli ultimi modelli di marchi come Porsche, BMW o Audi. <\/p>\n<p>Non perdere l\u2019opportunit\u00e0 di viaggiare comodamente per Maiorca a bordo di un veicolo che ti offrir\u00e0 tutta la sicurezza e il comfort di cui hai bisogno durante i tuoi spostamenti.<\/p>\n<p>Non solo questo, ma da ROIG Premium Mobility ti offriamo un servizio vicino, discreto e di prima qualit\u00e0.<\/p>\n\t\t\t\t\t\t\t\t<\/div>\n\t\t\t\t<\/div>\n\t\t<div class=\"elementor-element elementor-element-1950d0a e-con-full e-flex e-con e-child\" data-id=\"1950d0a\" data-element_type=\"container\" data-e-type=\"container\" data-settings=\"{&quot;background_background&quot;:&quot;classic&quot;}\">\n\t\t\t\t<div class=\"elementor-element elementor-element-e5e3628 elementor-widget elementor-widget-text-editor\" data-id=\"e5e3628\" data-element_type=\"widget\" data-e-type=\"widget\" data-widget_type=\"text-editor.default\">\n\t\t\t\t<div class=\"elementor-widget-container\">\n\t\t\t\t\t\t\t\t\t<p>Se cerchi un noleggio auto di lusso a Cala d\u2019Or, non puoi non scoprire tutto ci\u00f2 che ROIG Premium Mobility offre, leader nel trasporto passeggeri su strada a Maiorca. Siamo l\u2019azienda di riferimento che mette a tua disposizione la pi\u00f9 ampia offerta di veicoli di lusso e un servizio personalizzato, per farti godere il massimo comfort nei tuoi spostamenti sull\u2019isola. <\/p>\n\t\t\t\t\t\t\t\t<\/div>\n\t\t\t\t<\/div>\n\t\t\t\t<\/div>\n\t\t\t\t<\/div>\n\t\t<div class=\"elementor-element elementor-element-3f70561 e-con-full e-flex e-con e-child\" data-id=\"3f70561\" data-element_type=\"container\" data-e-type=\"container\">\n\t\t\t\t<div class=\"elementor-element elementor-element-ce4c187 elementor-widget elementor-widget-image\" data-id=\"ce4c187\" data-element_type=\"widget\" data-e-type=\"widget\" data-widget_type=\"image.default\">\n\t\t\t\t<div class=\"elementor-widget-container\">\n\t\t\t\t\t\t\t\t\t\t\t\t\t\t\t<img fetchpriority=\"high\" decoding=\"async\" width=\"400\" height=\"252\" src=\"https:\/\/roig.com\/wp-content\/uploads\/2024\/07\/BMW-X1_interior-400x252.jpg.webp\" class=\"attachment-large size-large wp-image-2137\" alt=\"\" srcset=\"https:\/\/roig.com\/wp-content\/uploads\/2024\/07\/BMW-X1_interior-400x252.jpg.webp 400w, https:\/\/roig.com\/wp-content\/uploads\/2024\/07\/BMW-X1_interior-400x252.jpg-300x189.webp 300w\" sizes=\"(max-width: 400px) 100vw, 400px\">\t\t\t\t\t\t\t\t\t\t\t\t\t\t\t<\/div>\n\t\t\t\t<\/div>\n\t\t\t\t<div class=\"elementor-element elementor-element-5deb909 elementor-widget elementor-widget-image\" data-id=\"5deb909\" data-element_type=\"widget\" data-e-type=\"widget\" data-widget_type=\"image.default\">\n\t\t\t\t<div class=\"elementor-widget-container\">\n\t\t\t\t\t\t\t\t\t\t\t\t\t\t\t<img decoding=\"async\" width=\"400\" height=\"252\" src=\"https:\/\/roig.com\/wp-content\/uploads\/2024\/07\/Mercedes-EQE_luces-400x252.jpg.webp\" class=\"attachment-large size-large wp-image-2142\" alt=\"\" srcset=\"https:\/\/roig.com\/wp-content\/uploads\/2024\/07\/Mercedes-EQE_luces-400x252.jpg.webp 400w, https:\/\/roig.com\/wp-content\/uploads\/2024\/07\/Mercedes-EQE_luces-400x252.jpg-300x189.webp 300w\" sizes=\"(max-width: 400px) 100vw, 400px\">\t\t\t\t\t\t\t\t\t\t\t\t\t\t\t<\/div>\n\t\t\t\t<\/div>\n\t\t\t\t<\/div>\n\t\t\t\t\t<\/div>\n\t\t\t\t<\/div>\n\t\t<div class=\"elementor-element elementor-element-68b8802 e-flex e-con-boxed e-con e-parent\" data-id=\"68b8802\" data-element_type=\"container\" data-e-type=\"container\">\n\t\t\t\t\t<div class=\"e-con-inner\">\n\t\t<div class=\"elementor-element elementor-element-764b08c e-con-full e-flex e-con e-child\" data-id=\"764b08c\" data-element_type=\"container\" data-e-type=\"container\">\n\t\t\t\t<div class=\"elementor-element elementor-element-789efac elementor-widget elementor-widget-heading\" data-id=\"789efac\" data-element_type=\"widget\" data-e-type=\"widget\" data-widget_type=\"heading.default\">\n\t\t\t\t<div class=\"elementor-widget-container\">\n\t\t\t\t\t<span class=\"elementor-heading-title elementor-size-default\">PREMIUM<\/span>\t\t\t\t<\/div>\n\t\t\t\t<\/div>\n\t\t\t\t<div class=\"elementor-element elementor-element-2d3ea84 elementor-widget elementor-widget-heading\" data-id=\"2d3ea84\" data-element_type=\"widget\" data-e-type=\"widget\" data-widget_type=\"heading.default\">\n\t\t\t\t<div class=\"elementor-widget-container\">\n\t\t\t\t\t<h2 class=\"elementor-heading-title elementor-size-default\">Altre destinazioni<br>per il noleggio di auto di lusso<\/h2>\t\t\t\t<\/div>\n\t\t\t\t<\/div>\n\t\t\t\t<div class=\"elementor-element elementor-element-cd6f993 elementor-widget__width-initial elementor-widget-mobile__width-initial elementor-widget elementor-widget-text-editor\" data-id=\"cd6f993\" data-element_type=\"widget\" data-e-type=\"widget\" data-widget_type=\"text-editor.default\">\n\t\t\t\t<div class=\"elementor-widget-container\">\n\t\t\t\t\t\t\t\t\t<p>In ROIG Mobility &amp; Experiences vogliamo avvicinarti ai migliori posti da visitare a Maiorca, facendoti scoprire l&#8217;isola come la conoscono i locali.<\/p>\n\t\t\t\t\t\t\t\t<\/div>\n\t\t\t\t<\/div>\n\t\t\t\t<\/div>\n\t\t<div class=\"elementor-element elementor-element-5858957 e-con-full e-flex e-con e-child\" data-id=\"5858957\" data-element_type=\"container\" data-e-type=\"container\">\n\t\t\t\t<\/div>\n\t\t\t\t\t<\/div>\n\t\t\t\t<\/div>\n\t\t<div class=\"elementor-element elementor-element-b6528c8 e-con-full e-flex e-con e-parent\" data-id=\"b6528c8\" data-element_type=\"container\" data-e-type=\"container\" id=\"textswiper\">\n\t\t\t\t<div class=\"elementor-element elementor-element-4ff7c39 elementor-widget elementor-widget-jet-carousel\" data-id=\"4ff7c39\" data-element_type=\"widget\" data-e-type=\"widget\" data-settings=\"{&quot;slides_to_show_mobile&quot;:&quot;2&quot;,&quot;slides_to_scroll_mobile&quot;:&quot;1&quot;,&quot;slides_to_show&quot;:&quot;2&quot;,&quot;slides_to_scroll&quot;:&quot;1&quot;}\" data-widget_type=\"jet-carousel.default\">\n\t\t\t\t<div class=\"elementor-widget-container\">\n\t\t\t\t\t<div class=\"elementor-jet-carousel jet-elements\"><div class=\"jet-carousel-wrap jet-equal-cols\">\n\t<div class=\"jet-carousel\" data-slider_options=\"{&quot;autoplaySpeed&quot;:5000,&quot;autoplay&quot;:false,&quot;infinite&quot;:false,&quot;centerMode&quot;:false,&quot;centerPadding&quot;:&quot;50px&quot;,&quot;pauseOnHover&quot;:false,&quot;speed&quot;:500,&quot;arrows&quot;:false,&quot;dots&quot;:false,&quot;variableWidth&quot;:false,&quot;prevArrow&quot;:&quot;.jet-carousel__prev-arrow-4ff7c39&quot;,&quot;nextArrow&quot;:&quot;.jet-carousel__next-arrow-4ff7c39&quot;,&quot;rtl&quot;:false,&quot;fractionNav&quot;:false}\" dir=\"ltr\">\n\t<div class=\"elementor-slick-slider\">\n\n<div class=\"jet-carousel__item\">\n\t<div class=\"jet-carousel__item-inner\"><a href=\"\/it\/roigpremium\/destinazioni\/palma-de-mallorca\/\" class=\"jet-carousel__item-link\" ><img decoding=\"async\" src=\"https:\/\/roig.com\/wp-content\/uploads\/2024\/08\/cathedral-de-santa-maria-de-palma-de-mallorca-2023-11-27-05-25-59-utc.webp\" class=\"jet-carousel__item-img\" alt=\"cathedral-de-santa-maria-de-palma-de-mallorca-2023-11-27-05-25-59-utc\" loading=\"lazy\"><\/a><div class=\"jet-carousel__content\"><h4 class=\"jet-carousel__item-title\">Noleggio auto di lusso a Palma di Maiorca<\/h4><div class=\"jet-carousel__item-text\"><p>ROIG Premium Mobility \u00e8 l'opzione definitiva per chi cerca un'esperienza di lusso nel noleggio di auto a Palma di Maiorca. Con una flotta di veicoli esclusivi e un servizio eccezionale, siamo orgogliosi di offrire ai nostri clienti un modo unico per scoprire e godere della nostra splendida isola.<\/p><\/div><\/div><\/div>\n<\/div>\n\n<div class=\"jet-carousel__item\">\n\t<div class=\"jet-carousel__item-inner\"><a href=\"\/it\/roigpremium\/destinazioni\/noleggio-di-auto-di-lusso-a-alcudia\/\" class=\"jet-carousel__item-link\" ><img decoding=\"async\" src=\"https:\/\/roig.com\/wp-content\/uploads\/2025\/03\/Alcudia-Beach-Mallorca-Balearic-Islands-Spain-shutterstock_157484990-Copy-620x330-1-600x319.jpg.webp\" class=\"jet-carousel__item-img\" alt=\"Alcudia-Beach-Mallorca-Balearic-Islands-Spain-shutterstock_157484990-Copy-620x330-1-600x319.jpg\" loading=\"lazy\"><\/a><div class=\"jet-carousel__content\"><h4 class=\"jet-carousel__item-title\">Noleggio auto di lusso ad Alc\u00fadia, Maiorca<\/h4><div class=\"jet-carousel__item-text\"><p><strong>Alc\u00fadia<\/strong> \u00e8 una localit\u00e0 dell'isola di Maiorca, conosciuta per la sua bellezza naturale, le spiagge di sabbia bianca e le acque cristalline. Oltre al suo centro storico circondato da mura, nell'atmosfera di Alc\u00fadia <strong>si respira lusso, sofisticazione e classe<\/strong> tra i suoi abitanti e i visitatori che decidono di trascorrere qui le loro vacanze.<\/p><\/div><\/div><\/div>\n<\/div>\n\n<div class=\"jet-carousel__item\">\n\t<div class=\"jet-carousel__item-inner\"><a href=\"\/it\/roigpremium\/destinazioni\/noleggio-auto-di-lusso-a-port-dalcudia\/\" class=\"jet-carousel__item-link\" ><img decoding=\"async\" src=\"https:\/\/roig.com\/wp-content\/uploads\/2024\/08\/port-de-alcudia-at-sunrise-mallorca-2023-11-27-05-34-33-utc.webp\" class=\"jet-carousel__item-img\" alt=\"port-de-alcudia-at-sunrise-mallorca-2023-11-27-05-34-33-utc\" loading=\"lazy\"><\/a><div class=\"jet-carousel__content\"><h4 class=\"jet-carousel__item-title\">Noleggio auto di lusso a Port d'Alc\u00fadia<\/h4><div class=\"jet-carousel__item-text\"><p><strong>Port d'Alc\u00fadia <\/strong>\u00e8 una <a href=\"https:\/\/roig.com\/roigpremium\/destinos\/\">destinazione premium<\/a> per le vacanze sulla costa nord di Maiorca. La sua ampia spiaggia di sabbia bianca e le acque cristalline sono molto popolari tra gli amanti del sole e del mare, ma anche per coloro che cercano una <strong>vacanza di lusso<\/strong>.<\/p><\/div><\/div><\/div>\n<\/div>\n\n<div class=\"jet-carousel__item\">\n\t<div class=\"jet-carousel__item-inner\"><a href=\"\/it\/roigpremium\/destinazioni\/premium-destino-santanyi\/\" class=\"jet-carousel__item-link\" ><img decoding=\"async\" src=\"https:\/\/roig.com\/wp-content\/uploads\/2025\/03\/Cala-Santanyi-768x323-1-600x252.jpg.webp\" class=\"jet-carousel__item-img\" alt=\"Cala-Santanyi-768x323-1-600x252.jpg\" loading=\"lazy\"><\/a><div class=\"jet-carousel__content\"><h4 class=\"jet-carousel__item-title\">Noleggio auto di lusso a Santany\u00ed<\/h4><div class=\"jet-carousel__item-text\"><p>Ti invitiamo a scoprire il nostro esclusivo servizio di noleggio auto a Santany\u00ed, dove potrai scegliere tra una vasta selezione di veicoli di lusso. La nostra flotta, regolarmente rinnovata, comprende i modelli pi\u00f9 prestigiosi e sofisticati, garantendo un'esperienza di guida senza pari.<\/p><\/div><\/div><\/div>\n<\/div>\n\n<div class=\"jet-carousel__item\">\n\t<div class=\"jet-carousel__item-inner\"><a href=\"\/it\/roigpremium\/destinazioni\/noleggio-di-auto-di-lusso-a-portals\/\" class=\"jet-carousel__item-link\" ><img decoding=\"async\" src=\"https:\/\/roig.com\/wp-content\/uploads\/2025\/03\/boat-in-sunset-floating-on-the-sea-in-turkey-2025-02-24-21-17-46-utc.webp\" class=\"jet-carousel__item-img\" alt=\"boat-in-sunset-floating-on-the-sea-in-turkey-2025-02-24-21-17-46-utc\" loading=\"lazy\"><\/a><div class=\"jet-carousel__content\"><h4 class=\"jet-carousel__item-title\">Noleggio auto di lusso a Portals<\/h4><div class=\"jet-carousel__item-text\"><p><strong>Stai cercando un servizio di noleggio auto di lusso a Portals? Sei nel posto giusto! <\/strong> Portals \u00e8 un esclusivo porto situato sulla costa sud-ovest di Maiorca. \u00c8 conosciuto per essere una delle <strong>destinazioni pi\u00f9 lussuose e glamour dell'isola<\/strong>, che attira visitatori in cerca di vivere la sofisticazione in uno degli ambienti marittimi pi\u00f9 privilegiati.<\/p><\/div><\/div><\/div>\n<\/div>\n\n<div class=\"jet-carousel__item\">\n\t<div class=\"jet-carousel__item-inner\"><a href=\"\/it\/roigpremium\/destinazioni\/noleggio-auto-di-lusso-a-port-adriano\/\" class=\"jet-carousel__item-link\" ><img decoding=\"async\" src=\"https:\/\/roig.com\/wp-content\/uploads\/2025\/03\/Proyecto-nuevo-7-2-600x319.jpg.webp\" class=\"jet-carousel__item-img\" alt=\"Proyecto-nuevo-7-2-600x319.jpg\" loading=\"lazy\"><\/a><div class=\"jet-carousel__content\"><h4 class=\"jet-carousel__item-title\">Noleggio auto di lusso a Port Adriano<\/h4><div class=\"jet-carousel__item-text\"><p><strong>Stai cercando un servizio di noleggio auto di lusso a Port Adriano? Affidati a ROIG Mobility &amp; Experiences. <\/strong>Port Adriano \u00e8 una marina esclusiva e un porto turistico progettato dall'architetto Philippe Starck. \u00c8 conosciuto per il suo <strong>design moderno e lussuoso<\/strong>, che offre strutture e servizi per imbarcazioni e yacht di lusso. Qui si trovano anche ristoranti glamour, boutique di lusso e vengono organizzati eventi esclusivi.<\/p><\/div><\/div><\/div>\n<\/div>\n<\/div><\/div>\n<\/div>\n<\/div>\t\t\t\t<\/div>\n\t\t\t\t<\/div>\n\t\t\t\t<\/div>\n\t\t\t\t<\/div>\n\t\t","protected":false},"excerpt":{"rendered":"<p>Noleggio auto di lusso a Cala d&#8217;Or Ti invitiamo a scoprire il nostro esclusivo servizio di noleggio auto di lusso a Cala d\u2019Or, una delle destinazioni turistiche pi\u00f9 popolari di Maiorca. Scegli tra i modelli disponibili nella nostra moderna flotta, che viene rinnovata anno dopo anno, a prezzi imbattibili e con un servizio professionale e [&hellip;]<\/p>\n","protected":false},"author":1,"featured_media":16138,"parent":15561,"menu_order":0,"comment_status":"closed","ping_status":"closed","template":"","meta":{"footnotes":""},"class_list":["post-16905","page","type-page","status-publish","has-post-thumbnail","hentry"],"_links":{"self":[{"href":"https:\/\/roig.com\/it\/wp-json\/wp\/v2\/pages\/16905","targetHints":{"allow":["GET"]}}],"collection":[{"href":"https:\/\/roig.com\/it\/wp-json\/wp\/v2\/pages"}],"about":[{"href":"https:\/\/roig.com\/it\/wp-json\/wp\/v2\/types\/page"}],"author":[{"embeddable":true,"href":"https:\/\/roig.com\/it\/wp-json\/wp\/v2\/users\/1"}],"replies":[{"embeddable":true,"href":"https:\/\/roig.com\/it\/wp-json\/wp\/v2\/comments?post=16905"}],"version-history":[{"count":0,"href":"https:\/\/roig.com\/it\/wp-json\/wp\/v2\/pages\/16905\/revisions"}],"up":[{"embeddable":true,"href":"https:\/\/roig.com\/it\/wp-json\/wp\/v2\/pages\/15561"}],"wp:featuredmedia":[{"embeddable":true,"href":"https:\/\/roig.com\/it\/wp-json\/wp\/v2\/media\/16138"}],"wp:attachment":[{"href":"https:\/\/roig.com\/it\/wp-json\/wp\/v2\/media?parent=16905"}],"curies":[{"name":"wp","href":"https:\/\/api.w.org\/{rel}","templated":true}]}}