{"id":16599,"date":"2024-06-27T13:04:41","date_gmt":"2024-06-27T11:04:41","guid":{"rendered":"https:\/\/roig.zds.es\/servicios-integrales\/"},"modified":"2025-06-20T11:53:17","modified_gmt":"2025-06-20T09:53:17","slug":"servizi-integrali","status":"publish","type":"page","link":"https:\/\/roig.com\/it\/servizi-integrali\/","title":{"rendered":"Servizi integrali"},"content":{"rendered":"\t\t<div data-elementor-type=\"wp-page\" data-elementor-id=\"16599\" class=\"elementor elementor-16599 elementor-1621\" data-elementor-post-type=\"page\">\n\t\t\t\t<div class=\"elementor-element elementor-element-998c903 e-flex e-con-boxed e-con e-parent\" data-id=\"998c903\" data-element_type=\"container\" data-e-type=\"container\">\n\t\t\t\t\t<div class=\"e-con-inner\">\n\t\t<div class=\"elementor-element elementor-element-bfa26c8 e-con-full e-flex e-con e-child\" data-id=\"bfa26c8\" data-element_type=\"container\" data-e-type=\"container\">\n\t\t\t\t<div class=\"elementor-element elementor-element-65ef632 elementor-widget elementor-widget-text-editor\" data-id=\"65ef632\" data-element_type=\"widget\" data-e-type=\"widget\" data-widget_type=\"text-editor.default\">\n\t\t\t\t<div class=\"elementor-widget-container\">\n\t\t\t\t\t\t\t\t\t<p>In ROIG Mobility &amp; Experiences, sappiamo che noleggiare un veicolo \u00e8 molto pi\u00f9 che fornirti un mezzo di trasporto per le tue vacanze, celebrazioni o eventi aziendali. Infatti, da questa scelta dipende in gran parte il successo di qualsiasi fuga o avvenimento. E non ci riferiamo solo all\u2019auto, all\u2019autobus o al taxi scelto, ma anche ai <strong>servizi e alle facilitazioni aggiuntive<\/strong> che mettiamo a tua disposizione. Con il nostro servizio integrale di noleggio auto a Maiorca, la tua tranquillit\u00e0 sar\u00e0 doppia: da un lato, saprai di avere a disposizione i migliori veicoli, e dall\u2019altro, potrai contare su un team di professionisti che ti offre le soluzioni di trasporto di cui hai bisogno per gli spostamenti di gruppo.   <\/p>\n<p>Oltre a disporre di un\u2019ampia <a href=\"https:\/\/www.roig.com\/roigrentacar\/flota\/\">flotta di veicoli<\/a> rinnovata ogni anno e con le migliori marche del mercato, vogliamo aiutarti nell\u2019organizzazione di eventi a Maiorca, come addii al celibato o nubilato, matrimoni, congressi e qualsiasi altra situazione che richieda un trasporto passeggeri su strada di qualit\u00e0, sicuro ed efficiente.<br \/>Affidati alla nostra esperienza dal 1953 e scopri tutto ci\u00f2 che possiamo fare per te. Rimarrai sorpreso! <\/p>\n\t\t\t\t\t\t\t\t<\/div>\n\t\t\t\t<\/div>\n\t\t\t\t<\/div>\n\t\t<div class=\"elementor-element elementor-element-597098f e-con-full e-flex e-con e-child\" data-id=\"597098f\" data-element_type=\"container\" data-e-type=\"container\">\n\t\t\t\t<div class=\"elementor-element elementor-element-2915edc elementor-widget elementor-widget-image\" data-id=\"2915edc\" data-element_type=\"widget\" data-e-type=\"widget\" data-widget_type=\"image.default\">\n\t\t\t\t<div class=\"elementor-widget-container\">\n\t\t\t\t\t\t\t\t\t\t\t\t\t\t\t<img fetchpriority=\"high\" decoding=\"async\" width=\"800\" height=\"400\" src=\"https:\/\/roig.com\/wp-content\/uploads\/2024\/06\/Servicio-integral-alquiler-coche-Mallorca.jpg.webp\" class=\"attachment-large size-large wp-image-1632\" alt=\"\" srcset=\"https:\/\/roig.com\/wp-content\/uploads\/2024\/06\/Servicio-integral-alquiler-coche-Mallorca.jpg.webp 1000w, https:\/\/roig.com\/wp-content\/uploads\/2024\/06\/Servicio-integral-alquiler-coche-Mallorca.jpg-300x150.webp 300w, https:\/\/roig.com\/wp-content\/uploads\/2024\/06\/Servicio-integral-alquiler-coche-Mallorca.jpg-768x384.webp 768w\" sizes=\"(max-width: 800px) 100vw, 800px\">\t\t\t\t\t\t\t\t\t\t\t\t\t\t\t<\/div>\n\t\t\t\t<\/div>\n\t\t\t\t<\/div>\n\t\t\t\t\t<\/div>\n\t\t\t\t<\/div>\n\t\t<div class=\"elementor-element elementor-element-a73874a e-flex e-con-boxed e-con e-parent\" data-id=\"a73874a\" data-element_type=\"container\" data-e-type=\"container\" data-settings=\"{&quot;background_background&quot;:&quot;classic&quot;}\">\n\t\t\t\t\t<div class=\"e-con-inner\">\n\t\t<div class=\"elementor-element elementor-element-3e0e91e e-con-full e-flex e-con e-child\" data-id=\"3e0e91e\" data-element_type=\"container\" data-e-type=\"container\">\n\t\t\t\t<div class=\"elementor-element elementor-element-6418bbe elementor-widget elementor-widget-image\" data-id=\"6418bbe\" data-element_type=\"widget\" data-e-type=\"widget\" data-widget_type=\"image.default\">\n\t\t\t\t<div class=\"elementor-widget-container\">\n\t\t\t\t\t\t\t\t\t\t\t\t\t\t\t<img decoding=\"async\" width=\"800\" height=\"400\" src=\"https:\/\/roig.com\/wp-content\/uploads\/2024\/06\/Alquiler-autocares-eventos-empresa-Mallorca.jpg.webp\" class=\"attachment-large size-large wp-image-1637\" alt=\"\" srcset=\"https:\/\/roig.com\/wp-content\/uploads\/2024\/06\/Alquiler-autocares-eventos-empresa-Mallorca.jpg.webp 1000w, https:\/\/roig.com\/wp-content\/uploads\/2024\/06\/Alquiler-autocares-eventos-empresa-Mallorca.jpg-300x150.webp 300w, https:\/\/roig.com\/wp-content\/uploads\/2024\/06\/Alquiler-autocares-eventos-empresa-Mallorca.jpg-768x384.webp 768w\" sizes=\"(max-width: 800px) 100vw, 800px\">\t\t\t\t\t\t\t\t\t\t\t\t\t\t\t<\/div>\n\t\t\t\t<\/div>\n\t\t\t\t<\/div>\n\t\t<div class=\"elementor-element elementor-element-0394fb3 e-con-full e-flex e-con e-child\" data-id=\"0394fb3\" data-element_type=\"container\" data-e-type=\"container\">\n\t\t\t\t<div class=\"elementor-element elementor-element-d11ce95 elementor-widget elementor-widget-heading\" data-id=\"d11ce95\" data-element_type=\"widget\" data-e-type=\"widget\" data-widget_type=\"heading.default\">\n\t\t\t\t<div class=\"elementor-widget-container\">\n\t\t\t\t\t<h2 class=\"elementor-heading-title elementor-size-default\">NOLEGGIO AUTOCARRI PER EVENTI AZIENDALI A MAIORCA<\/h2>\t\t\t\t<\/div>\n\t\t\t\t<\/div>\n\t\t\t\t<div class=\"elementor-element elementor-element-6b5c0d4 elementor-widget elementor-widget-text-editor\" data-id=\"6b5c0d4\" data-element_type=\"widget\" data-e-type=\"widget\" data-widget_type=\"text-editor.default\">\n\t\t\t\t<div class=\"elementor-widget-container\">\n\t\t\t\t\t\t\t\t\t<p>Il lancio di un nuovo marchio o prodotto, una presentazione commerciale, una fiera, una riunione aziendale, una conferenza, un convegno, delle giornate di team building\u2026 Qualunque sia l\u2019evento che hai in mente, hai appena trovato lo scenario ideale: Maiorca. Qui ti aspettano il suo piacevole clima mediterraneo, l\u2019inesauribile patrimonio culturale, spiagge e calette da cartolina, una gastronomia deliziosa\u2026 Tutti questi ingredienti rendono quest\u2019isola delle Baleari una scelta sicura. Non a caso l\u2019aeroporto di Son Sant Joan \u00e8 uno dei pi\u00f9 frequentati della Spagna e del sud Europa.  <\/p>\n<p>ROIG Mobility &amp; Experiences ti mette a disposizione i migliori servizi di trasporto passeggeri su strada affinch\u00e9 tutti i partecipanti possano spostarsi comodamente sull\u2019isola. E se vuoi essere l\u2019ospite perfetto, noleggia uno dei nostri <strong><a href=\"https:\/\/roig.com\/roigpremium\/\">pullman di lusso a Maiorca<\/a><\/strong>, con servizi VIP per un\u2019attenzione davvero esclusiva. Provalo: rimarranno incantati.  <\/p>\n<p>Tuttavia, \u00e8 anche possibile che tu non abbia bisogno di noleggiare un autobus, ma ti basti prenotare un servizio di <strong><a href=\"https:\/\/roig.com\/roigtransfer\/\">transfer per l\u2019aeroporto di Palma<\/a><\/strong>. Anche in questo caso possiamo aiutarti. Con il nostro servizio <a href=\"https:\/\/roig.com\/roig.com\/roigtransfer\/\">taxi a Maiorca<\/a>, con veicoli Mercedes, sia tu che gli altri partecipanti all\u2019evento arriverete puntuali all\u2019aeroporto, oppure a qualsiasi riunione o evento programmato sull\u2019isola. Scoprirai perch\u00e9 siamo un punto di riferimento nei trasferimenti su strada.   <\/p>\n\t\t\t\t\t\t\t\t<\/div>\n\t\t\t\t<\/div>\n\t\t\t\t<\/div>\n\t\t\t\t\t<\/div>\n\t\t\t\t<\/div>\n\t\t<div class=\"elementor-element elementor-element-7a7e8aa e-flex e-con-boxed e-con e-parent\" data-id=\"7a7e8aa\" data-element_type=\"container\" data-e-type=\"container\" data-settings=\"{&quot;background_background&quot;:&quot;classic&quot;}\">\n\t\t\t\t\t<div class=\"e-con-inner\">\n\t\t<div class=\"elementor-element elementor-element-216c883 e-con-full e-flex e-con e-child\" data-id=\"216c883\" data-element_type=\"container\" data-e-type=\"container\">\n\t\t\t\t<div class=\"elementor-element elementor-element-cacacb7 elementor-widget elementor-widget-heading\" data-id=\"cacacb7\" data-element_type=\"widget\" data-e-type=\"widget\" data-widget_type=\"heading.default\">\n\t\t\t\t<div class=\"elementor-widget-container\">\n\t\t\t\t\t<h2 class=\"elementor-heading-title elementor-size-default\">SERVIZIO DI TRASPORTO PER EVENTI SPORTIVI A MAIORCA<\/h2>\t\t\t\t<\/div>\n\t\t\t\t<\/div>\n\t\t\t\t<div class=\"elementor-element elementor-element-73fdc73 elementor-widget elementor-widget-text-editor\" data-id=\"73fdc73\" data-element_type=\"widget\" data-e-type=\"widget\" data-widget_type=\"text-editor.default\">\n\t\t\t\t<div class=\"elementor-widget-container\">\n\t\t\t\t\t\t\t\t\t<p>In ROIG Mobility &amp; Experiences, lavoriamo per soddisfare le tue esigenze di mobilit\u00e0 sull\u2019isola, qualunque siano le tue circostanze personali o professionali. Per questo, tra le nostre opzioni di <strong><a href=\"https:\/\/roig.com\/roigtransfer\/\">noleggio autobus a Maiorca<\/a><\/strong>, ti offriamo un nuovo servizio di trasporto per eventi sportivi. Che tu partecipi a una competizione o segua un atleta o una squadra nei loro spostamenti, abbiamo la soluzione ideale per te.  <\/p>\n<p>Ad esempio, organizziamo i <strong>trasferimenti dei club di tifosi<\/strong> \u2014 come quelli del RCD Mallorca \u2014 effettuando il transfer dal loro luogo di origine o dall\u2019aeroporto di Palma fino al luogo della partita, e coprendo il tragitto di ritorno al termine dell\u2019incontro.<\/p>\n<p>Il nostro servizio di trasporto per eventi sportivi \u00e8 ideale anche per gli appassionati di tennis. Ad esempio, ROIG Mobility &amp; Experiences si occupa dei trasferimenti su strada degli studenti della <strong>scuola di tennis Rafa Nadal Academy by Movistar<\/strong>. Oppure accompagniamo gruppi di amici o aziende ai campi da tennis di Maiorca. Allo stesso modo, questa opzione \u00e8 perfetta per raggiungere uno dei <strong>23 campi da golf<\/strong> dell\u2019isola, come il <strong>Vall d\u2019Or Club a Portocolom<\/strong> o il <strong>Pula Golf Resort a Son Servera<\/strong>. Possiamo anche accompagnare i partecipanti dei campi estivi nei luoghi in cui praticano sport d\u2019avventura o all\u2019aria aperta.    <\/p>\n<p>Con il nostro <strong>servizio integrale di trasporto passeggeri su strada a Maiorca<\/strong>, la tua unica preoccupazione sar\u00e0 scaricare adrenalina con il tuo sport preferito. Contattaci senza impegno! <\/p>\n\t\t\t\t\t\t\t\t<\/div>\n\t\t\t\t<\/div>\n\t\t\t\t<\/div>\n\t\t<div class=\"elementor-element elementor-element-6f0b2e2 e-con-full e-flex e-con e-child\" data-id=\"6f0b2e2\" data-element_type=\"container\" data-e-type=\"container\">\n\t\t\t\t<div class=\"elementor-element elementor-element-52bee88 elementor-widget elementor-widget-image\" data-id=\"52bee88\" data-element_type=\"widget\" data-e-type=\"widget\" data-widget_type=\"image.default\">\n\t\t\t\t<div class=\"elementor-widget-container\">\n\t\t\t\t\t\t\t\t\t\t\t\t\t\t\t<img decoding=\"async\" width=\"800\" height=\"400\" src=\"https:\/\/roig.com\/wp-content\/uploads\/2024\/06\/Transporte-evento-deportivo-Mallorca-1.jpg.webp\" class=\"attachment-large size-large wp-image-1645\" alt=\"\" srcset=\"https:\/\/roig.com\/wp-content\/uploads\/2024\/06\/Transporte-evento-deportivo-Mallorca-1.jpg.webp 1000w, https:\/\/roig.com\/wp-content\/uploads\/2024\/06\/Transporte-evento-deportivo-Mallorca-1.jpg-300x150.webp 300w, https:\/\/roig.com\/wp-content\/uploads\/2024\/06\/Transporte-evento-deportivo-Mallorca-1.jpg-768x384.webp 768w\" sizes=\"(max-width: 800px) 100vw, 800px\">\t\t\t\t\t\t\t\t\t\t\t\t\t\t\t<\/div>\n\t\t\t\t<\/div>\n\t\t\t\t<\/div>\n\t\t\t\t\t<\/div>\n\t\t\t\t<\/div>\n\t\t<div class=\"elementor-element elementor-element-0d0b45e e-flex e-con-boxed e-con e-parent\" data-id=\"0d0b45e\" data-element_type=\"container\" data-e-type=\"container\" data-settings=\"{&quot;background_background&quot;:&quot;classic&quot;}\">\n\t\t\t\t\t<div class=\"e-con-inner\">\n\t\t<div class=\"elementor-element elementor-element-b5d1fab e-con-full e-flex e-con e-child\" data-id=\"b5d1fab\" data-element_type=\"container\" data-e-type=\"container\">\n\t\t\t\t<div class=\"elementor-element elementor-element-078ba37 elementor-widget elementor-widget-heading\" data-id=\"078ba37\" data-element_type=\"widget\" data-e-type=\"widget\" data-widget_type=\"heading.default\">\n\t\t\t\t<div class=\"elementor-widget-container\">\n\t\t\t\t\t<h2 class=\"elementor-heading-title elementor-size-default\">ALTRI SERVIZI PER CELEBRAZIONI E VIAGGI A MAIORCA\n<\/h2>\t\t\t\t<\/div>\n\t\t\t\t<\/div>\n\t\t\t\t<div class=\"elementor-element elementor-element-a510c22 elementor-widget elementor-widget-text-editor\" data-id=\"a510c22\" data-element_type=\"widget\" data-e-type=\"widget\" data-widget_type=\"text-editor.default\">\n\t\t\t\t<div class=\"elementor-widget-container\">\n\t\t\t\t\t\t\t\t\t<p>Che Maiorca sia un luogo da godere \u00e8 fuori di dubbio. La gamma di opzioni \u00e8 quasi infinita e include la possibilit\u00e0 di ammirare gli innumerevoli monumenti della capitale, <strong>Palma di Maiorca<\/strong> \u2014 come la cattedrale, il palazzo dell\u2019Almudaina o il castello di Bellver \u2014, la certosa di Valldemossa o le spettacolari <strong>grotte del Drach<\/strong>. Tutto questo senza dimenticare la possibilit\u00e0 di staccare la spina sulle sue magnifiche spiagge o nei tradizionali paesi maiorchini, come <strong>S\u00f3ller o Alc\u00fadia<\/strong>.  <\/p>\n<p>Per permetterti di ammirare tutti questi tesori nel modo pi\u00f9 comodo, collaboriamo con un partner che ti consentir\u00e0 di prenotare le migliori <strong><a href=\"https:\/\/roig.com\/guia-mallorca\">escursioni in bus a Maiorca<\/a><\/strong>. Inizia a pianificare il tuo tour ideale dell\u2019isola: noi ci occuperemo di realizzarlo al miglior prezzo. <\/p>\n<p>Vuoi ancora di pi\u00f9? In tal caso, dai un\u2019occhiata ai <a href=\"https:\/\/roig.com\/roigpremium\/\">servizi Premium di ROIG Mobility &amp; Experiences<\/a>. Oltre ad accedere alle migliori auto a noleggio di alta gamma, potrai beneficiare di servizi aggiuntivi senza costi extra: ad esempio, cancellazione gratuita fino a 24 ore prima del ritiro del veicolo, seggiolini per bambini gratuiti, servizio notturno senza supplementi\u2026  <\/p>\n<p>Hai bisogno di maggiori informazioni? Vuoi conoscere le nostre offerte di noleggio veicoli? In tal caso, chiamaci al <strong><a href=\"tel:+34971657173\">(+34) 971 65 71 73<\/a><\/strong> dalle 08:00 alle 20:00 senza interruzioni, oppure inviaci un\u2019e-mail a <a href=\"mailto:info@roig.com\">info@roig.com<\/a>. Saremo felici di aiutarti.   <\/p>\n<p>Ad esempio, organizziamo i <strong>trasferimenti dei club di tifosi<\/strong> \u2014 come quelli del RCD Mallorca \u2014 effettuando il transfer dal loro luogo di origine o dall\u2019aeroporto di Palma fino al luogo della partita, e coprendo il tragitto di ritorno al termine dell\u2019incontro.<\/p>\n<p>Il nostro servizio di trasporto per eventi sportivi \u00e8 ideale anche per gli appassionati di tennis. Ad esempio, ROIG Mobility &amp; Experiences si occupa dei trasferimenti su strada degli studenti della <strong>scuola di tennis Rafa Nadal Academy by Movistar<\/strong>. Oppure accompagniamo gruppi di amici o aziende ai campi da tennis di Maiorca. Allo stesso modo, questa opzione \u00e8 perfetta per raggiungere uno dei <strong>23 campi da golf<\/strong> dell\u2019isola, come il <strong>Vall d\u2019Or Club a Portocolom<\/strong> o il <strong>Pula Golf Resort a Son Servera<\/strong>. Possiamo anche accompagnare i partecipanti dei campi estivi nei luoghi in cui praticano sport d\u2019avventura o all\u2019aria aperta.    <\/p>\n<p>Con il nostro <strong>servizio integrale di trasporto passeggeri su strada a Maiorca<\/strong>, la tua unica preoccupazione sar\u00e0 scaricare adrenalina con il tuo sport preferito. Contattaci senza impegno! <\/p>\n\t\t\t\t\t\t\t\t<\/div>\n\t\t\t\t<\/div>\n\t\t\t\t<\/div>\n\t\t\t\t\t<\/div>\n\t\t\t\t<\/div>\n\t\t<div class=\"elementor-element elementor-element-ca19c79 e-flex e-con-boxed e-con e-parent\" data-id=\"ca19c79\" data-element_type=\"container\" data-e-type=\"container\">\n\t\t\t\t\t<div class=\"e-con-inner\">\n\t\t<div class=\"elementor-element elementor-element-dc7905d e-con-full e-flex e-con e-child\" data-id=\"dc7905d\" data-element_type=\"container\" data-e-type=\"container\" data-settings=\"{&quot;background_background&quot;:&quot;classic&quot;}\">\n\t\t\t\t<div class=\"elementor-element elementor-element-4e6be2b elementor-widget__width-initial elementor-view-default elementor-position-block-start elementor-mobile-position-block-start elementor-widget elementor-widget-icon-box\" data-id=\"4e6be2b\" data-element_type=\"widget\" data-e-type=\"widget\" data-widget_type=\"icon-box.default\">\n\t\t\t\t<div class=\"elementor-widget-container\">\n\t\t\t\t\t\t\t<div class=\"elementor-icon-box-wrapper\">\n\n\t\t\t\t\t\t<div class=\"elementor-icon-box-icon\">\n\t\t\t\t<a href=\"tel:+34971657173\" class=\"elementor-icon\" tabindex=\"-1\" aria-label=\"(+34) 971 65 71 73\">\n\t\t\t\t<svg aria-hidden=\"true\" class=\"e-font-icon-svg e-fas-phone-alt\" viewBox=\"0 0 512 512\" xmlns=\"http:\/\/www.w3.org\/2000\/svg\"><path d=\"M497.39 361.8l-112-48a24 24 0 0 0-28 6.9l-49.6 60.6A370.66 370.66 0 0 1 130.6 204.11l60.6-49.6a23.94 23.94 0 0 0 6.9-28l-48-112A24.16 24.16 0 0 0 122.6.61l-104 24A24 24 0 0 0 0 48c0 256.5 207.9 464 464 464a24 24 0 0 0 23.4-18.6l24-104a24.29 24.29 0 0 0-14.01-27.6z\"><\/path><\/svg>\t\t\t\t<\/a>\n\t\t\t<\/div>\n\t\t\t\n\t\t\t\t\t\t<div class=\"elementor-icon-box-content\">\n\n\t\t\t\t\t\t\t\t\t<h3 class=\"elementor-icon-box-title\">\n\t\t\t\t\t\t<a href=\"tel:+34971657173\" >\n\t\t\t\t\t\t\t(+34) 971 65 71 73\t\t\t\t\t\t<\/a>\n\t\t\t\t\t<\/h3>\n\t\t\t\t\n\t\t\t\t\n\t\t\t<\/div>\n\t\t\t\n\t\t<\/div>\n\t\t\t\t\t\t<\/div>\n\t\t\t\t<\/div>\n\t\t\t\t<div class=\"elementor-element elementor-element-3e8c135 elementor-widget__width-initial elementor-view-default elementor-position-block-start elementor-mobile-position-block-start elementor-widget elementor-widget-icon-box\" data-id=\"3e8c135\" data-element_type=\"widget\" data-e-type=\"widget\" data-widget_type=\"icon-box.default\">\n\t\t\t\t<div class=\"elementor-widget-container\">\n\t\t\t\t\t\t\t<div class=\"elementor-icon-box-wrapper\">\n\n\t\t\t\t\t\t<div class=\"elementor-icon-box-icon\">\n\t\t\t\t<span  class=\"elementor-icon\">\n\t\t\t\t<svg aria-hidden=\"true\" class=\"e-font-icon-svg e-fas-clock\" viewBox=\"0 0 512 512\" xmlns=\"http:\/\/www.w3.org\/2000\/svg\"><path d=\"M256,8C119,8,8,119,8,256S119,504,256,504,504,393,504,256,393,8,256,8Zm92.49,313h0l-20,25a16,16,0,0,1-22.49,2.5h0l-67-49.72a40,40,0,0,1-15-31.23V112a16,16,0,0,1,16-16h32a16,16,0,0,1,16,16V256l58,42.5A16,16,0,0,1,348.49,321Z\"><\/path><\/svg>\t\t\t\t<\/span>\n\t\t\t<\/div>\n\t\t\t\n\t\t\t\t\t\t<div class=\"elementor-icon-box-content\">\n\n\t\t\t\t\t\t\t\t\t<h3 class=\"elementor-icon-box-title\">\n\t\t\t\t\t\t<span  >\n\t\t\t\t\t\t\tOrario di assistenza:\t\t\t\t\t\t<\/span>\n\t\t\t\t\t<\/h3>\n\t\t\t\t\n\t\t\t\t\t\t\t\t\t<p class=\"elementor-icon-box-description\">\n\t\t\t\t\t\tDalle 8:00 alle 20:00\t\t\t\t\t<\/p>\n\t\t\t\t\n\t\t\t<\/div>\n\t\t\t\n\t\t<\/div>\n\t\t\t\t\t\t<\/div>\n\t\t\t\t<\/div>\n\t\t\t\t<div class=\"elementor-element elementor-element-4a36387 elementor-widget__width-initial elementor-view-default elementor-position-block-start elementor-mobile-position-block-start elementor-widget elementor-widget-icon-box\" data-id=\"4a36387\" data-element_type=\"widget\" data-e-type=\"widget\" data-widget_type=\"icon-box.default\">\n\t\t\t\t<div class=\"elementor-widget-container\">\n\t\t\t\t\t\t\t<div class=\"elementor-icon-box-wrapper\">\n\n\t\t\t\t\t\t<div class=\"elementor-icon-box-icon\">\n\t\t\t\t<a href=\"mailto:info@roig.com\" class=\"elementor-icon\" tabindex=\"-1\" aria-label=\"Contatto\">\n\t\t\t\t<svg aria-hidden=\"true\" class=\"e-font-icon-svg e-fas-mail-bulk\" viewBox=\"0 0 576 512\" xmlns=\"http:\/\/www.w3.org\/2000\/svg\"><path d=\"M160 448c-25.6 0-51.2-22.4-64-32-64-44.8-83.2-60.8-96-70.4V480c0 17.67 14.33 32 32 32h256c17.67 0 32-14.33 32-32V345.6c-12.8 9.6-32 25.6-96 70.4-12.8 9.6-38.4 32-64 32zm128-192H32c-17.67 0-32 14.33-32 32v16c25.6 19.2 22.4 19.2 115.2 86.4 9.6 6.4 28.8 25.6 44.8 25.6s35.2-19.2 44.8-22.4c92.8-67.2 89.6-67.2 115.2-86.4V288c0-17.67-14.33-32-32-32zm256-96H224c-17.67 0-32 14.33-32 32v32h96c33.21 0 60.59 25.42 63.71 57.82l.29-.22V416h192c17.67 0 32-14.33 32-32V192c0-17.67-14.33-32-32-32zm-32 128h-64v-64h64v64zm-352-96c0-35.29 28.71-64 64-64h224V32c0-17.67-14.33-32-32-32H96C78.33 0 64 14.33 64 32v192h96v-32z\"><\/path><\/svg>\t\t\t\t<\/a>\n\t\t\t<\/div>\n\t\t\t\n\t\t\t\t\t\t<div class=\"elementor-icon-box-content\">\n\n\t\t\t\t\t\t\t\t\t<h3 class=\"elementor-icon-box-title\">\n\t\t\t\t\t\t<a href=\"mailto:info@roig.com\" >\n\t\t\t\t\t\t\tContatto\t\t\t\t\t\t<\/a>\n\t\t\t\t\t<\/h3>\n\t\t\t\t\n\t\t\t\t\t\t\t\t\t<p class=\"elementor-icon-box-description\">\n\t\t\t\t\t\tinfo@roig.com\n\t\t\t\t\t<\/p>\n\t\t\t\t\n\t\t\t<\/div>\n\t\t\t\n\t\t<\/div>\n\t\t\t\t\t\t<\/div>\n\t\t\t\t<\/div>\n\t\t\t\t<\/div>\n\t\t\t\t\t<\/div>\n\t\t\t\t<\/div>\n\t\t\t\t<\/div>\n\t\t","protected":false},"excerpt":{"rendered":"<p>In ROIG Mobility &amp; Experiences, sappiamo che noleggiare un veicolo \u00e8 molto pi\u00f9 che fornirti un mezzo di trasporto per le tue vacanze, celebrazioni o eventi aziendali. Infatti, da questa scelta dipende in gran parte il successo di qualsiasi fuga o avvenimento. E non ci riferiamo solo all\u2019auto, all\u2019autobus o al taxi scelto, ma anche [&hellip;]<\/p>\n","protected":false},"author":1,"featured_media":6562,"parent":0,"menu_order":0,"comment_status":"closed","ping_status":"closed","template":"","meta":{"footnotes":""},"class_list":["post-16599","page","type-page","status-publish","has-post-thumbnail","hentry"],"_links":{"self":[{"href":"https:\/\/roig.com\/it\/wp-json\/wp\/v2\/pages\/16599","targetHints":{"allow":["GET"]}}],"collection":[{"href":"https:\/\/roig.com\/it\/wp-json\/wp\/v2\/pages"}],"about":[{"href":"https:\/\/roig.com\/it\/wp-json\/wp\/v2\/types\/page"}],"author":[{"embeddable":true,"href":"https:\/\/roig.com\/it\/wp-json\/wp\/v2\/users\/1"}],"replies":[{"embeddable":true,"href":"https:\/\/roig.com\/it\/wp-json\/wp\/v2\/comments?post=16599"}],"version-history":[{"count":0,"href":"https:\/\/roig.com\/it\/wp-json\/wp\/v2\/pages\/16599\/revisions"}],"wp:featuredmedia":[{"embeddable":true,"href":"https:\/\/roig.com\/it\/wp-json\/wp\/v2\/media\/6562"}],"wp:attachment":[{"href":"https:\/\/roig.com\/it\/wp-json\/wp\/v2\/media?parent=16599"}],"curies":[{"name":"wp","href":"https:\/\/api.w.org\/{rel}","templated":true}]}}