{"id":23586,"date":"2025-10-31T13:10:33","date_gmt":"2025-10-31T12:10:33","guid":{"rendered":"https:\/\/roig.com\/prise-en-charge-aeroport\/"},"modified":"2025-10-31T15:19:53","modified_gmt":"2025-10-31T14:19:53","slug":"prise-en-charge-aeroport","status":"publish","type":"page","link":"https:\/\/roig.com\/fr\/prise-en-charge-aeroport\/","title":{"rendered":"Prise en charge aeroport"},"content":{"rendered":"\t\t<div data-elementor-type=\"wp-page\" data-elementor-id=\"23586\" class=\"elementor elementor-23586 elementor-23528\" data-elementor-post-type=\"page\">\n\t\t\t\t<div class=\"elementor-element elementor-element-7d596d6 e-flex e-con-boxed e-con e-parent\" data-id=\"7d596d6\" data-element_type=\"container\" data-e-type=\"container\">\n\t\t\t\t\t<div class=\"e-con-inner\">\n\t\t<div class=\"elementor-element elementor-element-c0721f4 e-con-full e-flex e-con e-child\" data-id=\"c0721f4\" data-element_type=\"container\" data-e-type=\"container\">\n\t\t\t\t<div class=\"elementor-element elementor-element-d4cd919 elementor-widget elementor-widget-spacer\" data-id=\"d4cd919\" data-element_type=\"widget\" data-e-type=\"widget\" data-widget_type=\"spacer.default\">\n\t\t\t\t<div class=\"elementor-widget-container\">\n\t\t\t\t\t\t\t<div class=\"elementor-spacer\">\n\t\t\t<div class=\"elementor-spacer-inner\"><\/div>\n\t\t<\/div>\n\t\t\t\t\t\t<\/div>\n\t\t\t\t<\/div>\n\t\t\t\t<div class=\"elementor-element elementor-element-14b8447 elementor-widget elementor-widget-heading\" data-id=\"14b8447\" data-element_type=\"widget\" data-e-type=\"widget\" data-widget_type=\"heading.default\">\n\t\t\t\t<div class=\"elementor-widget-container\">\n\t\t\t\t\t<h2 class=\"elementor-heading-title elementor-size-default\">Remise au parking de l'a\u00e9roport<\/h2>\t\t\t\t<\/div>\n\t\t\t\t<\/div>\n\t\t\t\t<\/div>\n\t\t<div class=\"elementor-element elementor-element-1b87ea9 e-con-full e-flex e-con e-child\" data-id=\"1b87ea9\" data-element_type=\"container\" data-e-type=\"container\">\n\t\t<div class=\"elementor-element elementor-element-f0f69d2 e-grid e-con-full e-con e-child\" data-id=\"f0f69d2\" data-element_type=\"container\" data-e-type=\"container\">\n\t\t\t\t<div class=\"elementor-element elementor-element-66c8baa elementor-widget elementor-widget-text-editor\" data-id=\"66c8baa\" data-element_type=\"widget\" data-e-type=\"widget\" data-widget_type=\"text-editor.default\">\n\t\t\t\t<div class=\"elementor-widget-container\">\n\t\t\t\t\t\t\t\t\t<ol><li>Apr\u00e8s avoir r\u00e9cup\u00e9r\u00e9 tes bagages, sors du terminal des arriv\u00e9es par la <strong>SORTIE 04<\/strong> et dirigetoi vers le b\u00e2timent du parking en empruntant le passage pi\u00e9ton ext\u00e9rieur.<\/li><li>Lorsque vous traversez le passage pi\u00e9ton, continuez tout droit. Un de nos employ\u00e9s vous attendra \u00e0 c\u00f4t\u00e9 du distributeur automatique que vous voyez sur la photo.  <\/li><\/ol><p> <\/p><p><em>Si pour une raison quelconque tu ne trouves pas notre employ\u00e9, appellenous au (+34) 971 74 43 14, et nous enverrons quelqu&rsquo;un te chercher.<\/em><\/p>\t\t\t\t\t\t\t\t<\/div>\n\t\t\t\t<\/div>\n\t\t\t\t<div class=\"elementor-element elementor-element-e9c60db elementor-widget elementor-widget-image\" data-id=\"e9c60db\" data-element_type=\"widget\" data-e-type=\"widget\" data-widget_type=\"image.default\">\n\t\t\t\t<div class=\"elementor-widget-container\">\n\t\t\t\t\t\t\t\t\t\t\t\t\t\t\t<img fetchpriority=\"high\" decoding=\"async\" width=\"500\" height=\"354\" src=\"https:\/\/roig.com\/wp-content\/uploads\/2025\/10\/mapa_aeropuerto-1.png\" class=\"attachment-large size-large wp-image-23550\" alt=\"\" srcset=\"https:\/\/roig.com\/wp-content\/uploads\/2025\/10\/mapa_aeropuerto-1.png 500w, https:\/\/roig.com\/wp-content\/uploads\/2025\/10\/mapa_aeropuerto-1-300x212.png 300w\" sizes=\"(max-width: 500px) 100vw, 500px\">\t\t\t\t\t\t\t\t\t\t\t\t\t\t\t<\/div>\n\t\t\t\t<\/div>\n\t\t\t\t<\/div>\n\t\t\t\t<\/div>\n\t\t<div class=\"elementor-element elementor-element-1af2941 e-grid e-con-full e-con e-child\" data-id=\"1af2941\" data-element_type=\"container\" data-e-type=\"container\">\n\t\t<div class=\"elementor-element elementor-element-9804c60 e-con-full e-flex e-con e-child\" data-id=\"9804c60\" data-element_type=\"container\" data-e-type=\"container\">\n\t\t\t\t<div class=\"elementor-element elementor-element-01d0483 elementor-widget elementor-widget-image\" data-id=\"01d0483\" data-element_type=\"widget\" data-e-type=\"widget\" data-widget_type=\"image.default\">\n\t\t\t\t<div class=\"elementor-widget-container\">\n\t\t\t\t\t\t\t\t\t\t\t\t\t\t\t<img decoding=\"async\" width=\"366\" height=\"500\" src=\"https:\/\/roig.com\/wp-content\/uploads\/2025\/10\/cajero-referencia-1.png\" class=\"attachment-full size-full wp-image-23532\" alt=\"\" srcset=\"https:\/\/roig.com\/wp-content\/uploads\/2025\/10\/cajero-referencia-1.png 366w, https:\/\/roig.com\/wp-content\/uploads\/2025\/10\/cajero-referencia-1-220x300.png 220w\" sizes=\"(max-width: 366px) 100vw, 366px\">\t\t\t\t\t\t\t\t\t\t\t\t\t\t\t<\/div>\n\t\t\t\t<\/div>\n\t\t\t\t<div class=\"elementor-element elementor-element-e3c2d4a elementor-widget elementor-widget-image\" data-id=\"e3c2d4a\" data-element_type=\"widget\" data-e-type=\"widget\" data-widget_type=\"image.default\">\n\t\t\t\t<div class=\"elementor-widget-container\">\n\t\t\t\t\t\t\t\t\t\t\t\t\t\t\t<img decoding=\"async\" width=\"473\" height=\"314\" src=\"https:\/\/roig.com\/wp-content\/uploads\/2025\/10\/Mapa_situacion_aeropuerto_FR.png\" class=\"attachment-full size-full wp-image-23593\" alt=\"\" srcset=\"https:\/\/roig.com\/wp-content\/uploads\/2025\/10\/Mapa_situacion_aeropuerto_FR.png 473w, https:\/\/roig.com\/wp-content\/uploads\/2025\/10\/Mapa_situacion_aeropuerto_FR-300x199.png 300w\" sizes=\"(max-width: 473px) 100vw, 473px\">\t\t\t\t\t\t\t\t\t\t\t\t\t\t\t<\/div>\n\t\t\t\t<\/div>\n\t\t\t\t<\/div>\n\t\t\t\t<div class=\"elementor-element elementor-element-47e8385 elementor-widget elementor-widget-image\" data-id=\"47e8385\" data-element_type=\"widget\" data-e-type=\"widget\" data-widget_type=\"image.default\">\n\t\t\t\t<div class=\"elementor-widget-container\">\n\t\t\t\t\t\t\t\t\t\t\t\t\t\t\t<img loading=\"lazy\" decoding=\"async\" width=\"307\" height=\"908\" src=\"https:\/\/roig.com\/wp-content\/uploads\/2025\/10\/Nuevo-plano-parking-2025-ROIG-FR.jpg\" class=\"attachment-full size-full wp-image-23588\" alt=\"\" srcset=\"https:\/\/roig.com\/wp-content\/uploads\/2025\/10\/Nuevo-plano-parking-2025-ROIG-FR.jpg 307w, https:\/\/roig.com\/wp-content\/uploads\/2025\/10\/Nuevo-plano-parking-2025-ROIG-FR-101x300.jpg 101w\" sizes=\"(max-width: 307px) 100vw, 307px\">\t\t\t\t\t\t\t\t\t\t\t\t\t\t\t<\/div>\n\t\t\t\t<\/div>\n\t\t\t\t<\/div>\n\t\t\t\t\t<\/div>\n\t\t\t\t<\/div>\n\t\t<div class=\"elementor-element elementor-element-f97d841 e-flex e-con-boxed e-con e-parent\" data-id=\"f97d841\" data-element_type=\"container\" data-e-type=\"container\">\n\t\t\t\t\t<div class=\"e-con-inner\">\n\t\t\t\t<div class=\"elementor-element elementor-element-0775609 elementor-widget elementor-widget-text-editor\" data-id=\"0775609\" data-element_type=\"widget\" data-e-type=\"widget\" data-widget_type=\"text-editor.default\">\n\t\t\t\t<div class=\"elementor-widget-container\">\n\t\t\t\t\t\t\t\t\t<p><a href=\"https:\/\/maps.app.goo.gl\/EXkqsBRt6GBCcFta8?g_st=ipc\" rel=\"nofollow noopener\" target=\"_blank\"><u>Entr\u00e9e pi\u00e9tonne &#8211; parking de l&rsquo;a\u00e9roport.<\/u><\/a><\/p>\n<p>(+34) 971 65 71 73<\/p>\t\t\t\t\t\t\t\t<\/div>\n\t\t\t\t<\/div>\n\t\t\t\t<div class=\"elementor-element elementor-element-9c73d7c elementor-widget elementor-widget-spacer\" data-id=\"9c73d7c\" data-element_type=\"widget\" data-e-type=\"widget\" data-widget_type=\"spacer.default\">\n\t\t\t\t<div class=\"elementor-widget-container\">\n\t\t\t\t\t\t\t<div class=\"elementor-spacer\">\n\t\t\t<div class=\"elementor-spacer-inner\"><\/div>\n\t\t<\/div>\n\t\t\t\t\t\t<\/div>\n\t\t\t\t<\/div>\n\t\t\t\t\t<\/div>\n\t\t\t\t<\/div>\n\t\t\t\t<\/div>\n\t\t","protected":false},"excerpt":{"rendered":"<p>Remise au parking de l&rsquo;a\u00e9roport Apr\u00e8s avoir r\u00e9cup\u00e9r\u00e9 tes bagages, sors du terminal des arriv\u00e9es par la SORTIE 04 et dirigetoi vers le b\u00e2timent du parking en empruntant le passage pi\u00e9ton ext\u00e9rieur. Lorsque vous traversez le passage pi\u00e9ton, continuez tout droit. Un de nos employ\u00e9s vous attendra \u00e0 c\u00f4t\u00e9 du distributeur automatique que vous voyez [&hellip;]<\/p>\n","protected":false},"author":1,"featured_media":0,"parent":0,"menu_order":0,"comment_status":"closed","ping_status":"closed","template":"elementor_canvas","meta":{"footnotes":""},"class_list":["post-23586","page","type-page","status-publish","hentry"],"_links":{"self":[{"href":"https:\/\/roig.com\/fr\/wp-json\/wp\/v2\/pages\/23586","targetHints":{"allow":["GET"]}}],"collection":[{"href":"https:\/\/roig.com\/fr\/wp-json\/wp\/v2\/pages"}],"about":[{"href":"https:\/\/roig.com\/fr\/wp-json\/wp\/v2\/types\/page"}],"author":[{"embeddable":true,"href":"https:\/\/roig.com\/fr\/wp-json\/wp\/v2\/users\/1"}],"replies":[{"embeddable":true,"href":"https:\/\/roig.com\/fr\/wp-json\/wp\/v2\/comments?post=23586"}],"version-history":[{"count":4,"href":"https:\/\/roig.com\/fr\/wp-json\/wp\/v2\/pages\/23586\/revisions"}],"predecessor-version":[{"id":23600,"href":"https:\/\/roig.com\/fr\/wp-json\/wp\/v2\/pages\/23586\/revisions\/23600"}],"wp:attachment":[{"href":"https:\/\/roig.com\/fr\/wp-json\/wp\/v2\/media?parent=23586"}],"curies":[{"name":"wp","href":"https:\/\/api.w.org\/{rel}","templated":true}]}}