{"id":14082,"date":"2025-04-22T12:59:08","date_gmt":"2025-04-22T10:59:08","guid":{"rendered":"https:\/\/roig.zds.es\/?page_id=14082"},"modified":"2026-03-24T14:52:56","modified_gmt":"2026-03-24T13:52:56","slug":"charge-transfer-aeroport","status":"publish","type":"page","link":"https:\/\/roig.com\/fr\/charge-transfer-aeroport\/","title":{"rendered":"Notre bureau \u00e0 l&rsquo;a\u00e9roport de Palma de Majorque"},"content":{"rendered":"\t\t<div data-elementor-type=\"wp-page\" data-elementor-id=\"14082\" class=\"elementor elementor-14082 elementor-14080\" data-elementor-post-type=\"page\">\n\t\t\t\t<div class=\"elementor-element elementor-element-9bb5b55 e-flex e-con-boxed e-con e-parent\" data-id=\"9bb5b55\" data-element_type=\"container\" data-e-type=\"container\">\n\t\t\t\t\t<div class=\"e-con-inner\">\n\t\t\t\t<div class=\"elementor-element elementor-element-438b777 elementor-widget elementor-widget-heading\" data-id=\"438b777\" data-element_type=\"widget\" data-e-type=\"widget\" data-widget_type=\"heading.default\">\n\t\t\t\t<div class=\"elementor-widget-container\">\n\t\t\t\t\t<h2 class=\"elementor-heading-title elementor-size-default\">Notre bureau \u00e0 l'a\u00e9roport de Palma de Majorque<\/h2>\t\t\t\t<\/div>\n\t\t\t\t<\/div>\n\t\t<div class=\"elementor-element elementor-element-b76f876 e-con-full e-flex e-con e-child\" data-id=\"b76f876\" data-element_type=\"container\" data-e-type=\"container\">\n\t\t<div class=\"elementor-element elementor-element-8506ddd e-grid e-con-full e-con e-child\" data-id=\"8506ddd\" data-element_type=\"container\" data-e-type=\"container\">\n\t\t\t\t<div class=\"elementor-element elementor-element-8562f4f elementor-widget elementor-widget-text-editor\" data-id=\"8562f4f\" data-element_type=\"widget\" data-e-type=\"widget\" data-widget_type=\"text-editor.default\">\n\t\t\t\t<div class=\"elementor-widget-container\">\n\t\t\t\t\t\t\t\t\t<p>Apr\u00e8s avoir r\u00e9cup\u00e9r\u00e9 vos bagages, sortez de la zone de r\u00e9cup\u00e9ration des bagages, tournez \u00e0 gauche dans le couloir central et dirigez-vous vers la <strong>SORTIE 06.<\/strong><\/p><p>Notre bureau ROIG est situ\u00e9 \u00e0 gauche de la <strong>sortie 06.<\/strong><\/p><p>\u00a0<\/p><p>Veuillez suivre les fl\u00e8ches sur le plan fourni avec votre r\u00e9servation <strong>(IMPORTANT : il n&rsquo;est pas n\u00e9cessaire de sortir du parking).<\/strong><\/p><p>Notre num\u00e9ro de t\u00e9l\u00e9phone <strong>24 heures<\/strong> sur 24 est le <a href=\"tel:34971648119\"><strong>+34 971 64 80 56.<\/strong><\/a><\/p>\t\t\t\t\t\t\t\t<\/div>\n\t\t\t\t<\/div>\n\t\t\t\t<div class=\"elementor-element elementor-element-cfc2a39 elementor-widget elementor-widget-image\" data-id=\"cfc2a39\" data-element_type=\"widget\" data-e-type=\"widget\" data-widget_type=\"image.default\">\n\t\t\t\t<div class=\"elementor-widget-container\">\n\t\t\t\t\t\t\t\t\t\t\t\t\t\t\t<img fetchpriority=\"high\" decoding=\"async\" width=\"1536\" height=\"2048\" src=\"https:\/\/roig.com\/wp-content\/uploads\/2026\/03\/DSC07659-e1773994620277.jpg\" class=\"attachment-full size-full wp-image-27268\" alt=\"\">\t\t\t\t\t\t\t\t\t\t\t\t\t\t\t<\/div>\n\t\t\t\t<\/div>\n\t\t\t\t<\/div>\n\t\t\t\t<\/div>\n\t\t\t\t\t<\/div>\n\t\t\t\t<\/div>\n\t\t<div class=\"elementor-element elementor-element-59383ad e-flex e-con-boxed e-con e-parent\" data-id=\"59383ad\" data-element_type=\"container\" data-e-type=\"container\">\n\t\t\t\t\t<div class=\"e-con-inner\">\n\t\t\t\t<div class=\"elementor-element elementor-element-20c2e6d elementor-widget elementor-widget-image\" data-id=\"20c2e6d\" data-element_type=\"widget\" data-e-type=\"widget\" data-widget_type=\"image.default\">\n\t\t\t\t<div class=\"elementor-widget-container\">\n\t\t\t\t\t\t\t\t\t\t\t\t\t\t\t<img decoding=\"async\" width=\"800\" height=\"363\" src=\"https:\/\/roig.com\/wp-content\/uploads\/2026\/03\/Plano_Oficina_2025_FR-1024x464.jpg\" class=\"attachment-large size-large wp-image-27544\" alt=\"\" srcset=\"https:\/\/roig.com\/wp-content\/uploads\/2026\/03\/Plano_Oficina_2025_FR-1024x464.jpg 1024w, https:\/\/roig.com\/wp-content\/uploads\/2026\/03\/Plano_Oficina_2025_FR-300x136.jpg 300w, https:\/\/roig.com\/wp-content\/uploads\/2026\/03\/Plano_Oficina_2025_FR-768x348.jpg 768w, https:\/\/roig.com\/wp-content\/uploads\/2026\/03\/Plano_Oficina_2025_FR-1536x696.jpg 1536w, https:\/\/roig.com\/wp-content\/uploads\/2026\/03\/Plano_Oficina_2025_FR-2048x929.jpg 2048w\" sizes=\"(max-width: 800px) 100vw, 800px\">\t\t\t\t\t\t\t\t\t\t\t\t\t\t\t<\/div>\n\t\t\t\t<\/div>\n\t\t\t\t\t<\/div>\n\t\t\t\t<\/div>\n\t\t\t\t<\/div>\n\t\t","protected":false},"excerpt":{"rendered":"<p>Notre bureau \u00e0 l&rsquo;a\u00e9roport de Palma de Majorque Apr\u00e8s avoir r\u00e9cup\u00e9r\u00e9 vos bagages, sortez de la zone de r\u00e9cup\u00e9ration des bagages, tournez \u00e0 gauche dans le couloir central et dirigez-vous vers la SORTIE 06. Notre bureau ROIG est situ\u00e9 \u00e0 gauche de la sortie 06. \u00a0 Veuillez suivre les fl\u00e8ches sur le plan fourni avec [&hellip;]<\/p>\n","protected":false},"author":3,"featured_media":0,"parent":0,"menu_order":0,"comment_status":"closed","ping_status":"closed","template":"elementor_canvas","meta":{"footnotes":""},"class_list":["post-14082","page","type-page","status-publish","hentry"],"_links":{"self":[{"href":"https:\/\/roig.com\/fr\/wp-json\/wp\/v2\/pages\/14082","targetHints":{"allow":["GET"]}}],"collection":[{"href":"https:\/\/roig.com\/fr\/wp-json\/wp\/v2\/pages"}],"about":[{"href":"https:\/\/roig.com\/fr\/wp-json\/wp\/v2\/types\/page"}],"author":[{"embeddable":true,"href":"https:\/\/roig.com\/fr\/wp-json\/wp\/v2\/users\/3"}],"replies":[{"embeddable":true,"href":"https:\/\/roig.com\/fr\/wp-json\/wp\/v2\/comments?post=14082"}],"version-history":[{"count":6,"href":"https:\/\/roig.com\/fr\/wp-json\/wp\/v2\/pages\/14082\/revisions"}],"predecessor-version":[{"id":27553,"href":"https:\/\/roig.com\/fr\/wp-json\/wp\/v2\/pages\/14082\/revisions\/27553"}],"wp:attachment":[{"href":"https:\/\/roig.com\/fr\/wp-json\/wp\/v2\/media?parent=14082"}],"curies":[{"name":"wp","href":"https:\/\/api.w.org\/{rel}","templated":true}]}}