{"id":23571,"date":"2025-10-31T13:10:33","date_gmt":"2025-10-31T12:10:33","guid":{"rendered":"https:\/\/roig.com\/flughafen-abholung\/"},"modified":"2025-10-31T15:06:10","modified_gmt":"2025-10-31T14:06:10","slug":"flughafen-abholung","status":"publish","type":"page","link":"https:\/\/roig.com\/de\/flughafen-abholung\/","title":{"rendered":"Flughafen abholung"},"content":{"rendered":"\t\t<div data-elementor-type=\"wp-page\" data-elementor-id=\"23571\" class=\"elementor elementor-23571 elementor-23528\" data-elementor-post-type=\"page\">\n\t\t\t\t<div class=\"elementor-element elementor-element-7d596d6 e-flex e-con-boxed e-con e-parent\" data-id=\"7d596d6\" data-element_type=\"container\" data-e-type=\"container\">\n\t\t\t\t\t<div class=\"e-con-inner\">\n\t\t<div class=\"elementor-element elementor-element-c0721f4 e-con-full e-flex e-con e-child\" data-id=\"c0721f4\" data-element_type=\"container\" data-e-type=\"container\">\n\t\t\t\t<div class=\"elementor-element elementor-element-d4cd919 elementor-widget elementor-widget-spacer\" data-id=\"d4cd919\" data-element_type=\"widget\" data-e-type=\"widget\" data-widget_type=\"spacer.default\">\n\t\t\t\t<div class=\"elementor-widget-container\">\n\t\t\t\t\t\t\t<div class=\"elementor-spacer\">\n\t\t\t<div class=\"elementor-spacer-inner\"><\/div>\n\t\t<\/div>\n\t\t\t\t\t\t<\/div>\n\t\t\t\t<\/div>\n\t\t\t\t<div class=\"elementor-element elementor-element-14b8447 elementor-widget elementor-widget-heading\" data-id=\"14b8447\" data-element_type=\"widget\" data-e-type=\"widget\" data-widget_type=\"heading.default\">\n\t\t\t\t<div class=\"elementor-widget-container\">\n\t\t\t\t\t<h2 class=\"elementor-heading-title elementor-size-default\">Abholung im Flughaferparkhaus<\/h2>\t\t\t\t<\/div>\n\t\t\t\t<\/div>\n\t\t\t\t<\/div>\n\t\t<div class=\"elementor-element elementor-element-1b87ea9 e-con-full e-flex e-con e-child\" data-id=\"1b87ea9\" data-element_type=\"container\" data-e-type=\"container\">\n\t\t<div class=\"elementor-element elementor-element-f0f69d2 e-grid e-con-full e-con e-child\" data-id=\"f0f69d2\" data-element_type=\"container\" data-e-type=\"container\">\n\t\t\t\t<div class=\"elementor-element elementor-element-66c8baa elementor-widget elementor-widget-text-editor\" data-id=\"66c8baa\" data-element_type=\"widget\" data-e-type=\"widget\" data-widget_type=\"text-editor.default\">\n\t\t\t\t<div class=\"elementor-widget-container\">\n\t\t\t\t\t\t\t\t\t<ol><li>Nachdem du dein Gep\u00e4ck abgeholt hast, verlasse das Ankunftsterminal durch <strong>AUSGANG 04<\/strong> und gehe \u00fcber den Fu\u00dfweg im Freien zum Parkhaus.<\/li><li>Wenn Sie den Zebrastreifen \u00fcberqueren, gehen Sie geradeaus. Einer unserer Mitarbeiter wird Sie neben dem Geldautomaten erwarten, den Sie auf dem Foto sehen.  <\/li><\/ol><p> <\/p><p><em>Falls du unseren Mitarbeiter nicht finden kannst, ruf uns unter (+34) 971 74 43 14 an, und wir schicken jemanden, um dich abzuholen.<\/em><\/p>\t\t\t\t\t\t\t\t<\/div>\n\t\t\t\t<\/div>\n\t\t\t\t<div class=\"elementor-element elementor-element-e9c60db elementor-widget elementor-widget-image\" data-id=\"e9c60db\" data-element_type=\"widget\" data-e-type=\"widget\" data-widget_type=\"image.default\">\n\t\t\t\t<div class=\"elementor-widget-container\">\n\t\t\t\t\t\t\t\t\t\t\t\t\t\t\t<img fetchpriority=\"high\" decoding=\"async\" width=\"500\" height=\"354\" src=\"https:\/\/roig.com\/wp-content\/uploads\/2025\/10\/mapa_aeropuerto-1.png\" class=\"attachment-large size-large wp-image-23551\" alt=\"\" srcset=\"https:\/\/roig.com\/wp-content\/uploads\/2025\/10\/mapa_aeropuerto-1.png 500w, https:\/\/roig.com\/wp-content\/uploads\/2025\/10\/mapa_aeropuerto-1-300x212.png 300w\" sizes=\"(max-width: 500px) 100vw, 500px\">\t\t\t\t\t\t\t\t\t\t\t\t\t\t\t<\/div>\n\t\t\t\t<\/div>\n\t\t\t\t<\/div>\n\t\t\t\t<\/div>\n\t\t<div class=\"elementor-element elementor-element-1af2941 e-grid e-con-full e-con e-child\" data-id=\"1af2941\" data-element_type=\"container\" data-e-type=\"container\">\n\t\t<div class=\"elementor-element elementor-element-9804c60 e-con-full e-flex e-con e-child\" data-id=\"9804c60\" data-element_type=\"container\" data-e-type=\"container\">\n\t\t\t\t<div class=\"elementor-element elementor-element-01d0483 elementor-widget elementor-widget-image\" data-id=\"01d0483\" data-element_type=\"widget\" data-e-type=\"widget\" data-widget_type=\"image.default\">\n\t\t\t\t<div class=\"elementor-widget-container\">\n\t\t\t\t\t\t\t\t\t\t\t\t\t\t\t<img decoding=\"async\" width=\"366\" height=\"500\" src=\"https:\/\/roig.com\/wp-content\/uploads\/2025\/10\/cajero-referencia-1.png\" class=\"attachment-full size-full wp-image-23533\" alt=\"\" srcset=\"https:\/\/roig.com\/wp-content\/uploads\/2025\/10\/cajero-referencia-1.png 366w, https:\/\/roig.com\/wp-content\/uploads\/2025\/10\/cajero-referencia-1-220x300.png 220w\" sizes=\"(max-width: 366px) 100vw, 366px\">\t\t\t\t\t\t\t\t\t\t\t\t\t\t\t<\/div>\n\t\t\t\t<\/div>\n\t\t\t\t<div class=\"elementor-element elementor-element-e3c2d4a elementor-widget elementor-widget-image\" data-id=\"e3c2d4a\" data-element_type=\"widget\" data-e-type=\"widget\" data-widget_type=\"image.default\">\n\t\t\t\t<div class=\"elementor-widget-container\">\n\t\t\t\t\t\t\t\t\t\t\t\t\t\t\t<img decoding=\"async\" width=\"473\" height=\"314\" src=\"https:\/\/roig.com\/wp-content\/uploads\/2025\/10\/Mapa_situacion_aeropuerto_DE.png\" class=\"attachment-full size-full wp-image-23578\" alt=\"\" srcset=\"https:\/\/roig.com\/wp-content\/uploads\/2025\/10\/Mapa_situacion_aeropuerto_DE.png 473w, https:\/\/roig.com\/wp-content\/uploads\/2025\/10\/Mapa_situacion_aeropuerto_DE-300x199.png 300w\" sizes=\"(max-width: 473px) 100vw, 473px\">\t\t\t\t\t\t\t\t\t\t\t\t\t\t\t<\/div>\n\t\t\t\t<\/div>\n\t\t\t\t<\/div>\n\t\t\t\t<div class=\"elementor-element elementor-element-47e8385 elementor-widget elementor-widget-image\" data-id=\"47e8385\" data-element_type=\"widget\" data-e-type=\"widget\" data-widget_type=\"image.default\">\n\t\t\t\t<div class=\"elementor-widget-container\">\n\t\t\t\t\t\t\t\t\t\t\t\t\t\t\t<img loading=\"lazy\" decoding=\"async\" width=\"307\" height=\"908\" src=\"https:\/\/roig.com\/wp-content\/uploads\/2025\/10\/Nuevo-plano-parking-2025-ROIG-DE.jpg\" class=\"attachment-full size-full wp-image-23573\" alt=\"\" srcset=\"https:\/\/roig.com\/wp-content\/uploads\/2025\/10\/Nuevo-plano-parking-2025-ROIG-DE.jpg 307w, https:\/\/roig.com\/wp-content\/uploads\/2025\/10\/Nuevo-plano-parking-2025-ROIG-DE-101x300.jpg 101w\" sizes=\"(max-width: 307px) 100vw, 307px\">\t\t\t\t\t\t\t\t\t\t\t\t\t\t\t<\/div>\n\t\t\t\t<\/div>\n\t\t\t\t<\/div>\n\t\t\t\t\t<\/div>\n\t\t\t\t<\/div>\n\t\t<div class=\"elementor-element elementor-element-f97d841 e-flex e-con-boxed e-con e-parent\" data-id=\"f97d841\" data-element_type=\"container\" data-e-type=\"container\">\n\t\t\t\t\t<div class=\"e-con-inner\">\n\t\t\t\t<div class=\"elementor-element elementor-element-0775609 elementor-widget elementor-widget-text-editor\" data-id=\"0775609\" data-element_type=\"widget\" data-e-type=\"widget\" data-widget_type=\"text-editor.default\">\n\t\t\t\t<div class=\"elementor-widget-container\">\n\t\t\t\t\t\t\t\t\t<p><a href=\"https:\/\/maps.app.goo.gl\/EXkqsBRt6GBCcFta8?g_st=ipc\" rel=\"nofollow noopener\" target=\"_blank\"><u>Fu\u00dfg\u00e4ngereingang &#8211; Flughafenparkhaus.<\/u><\/a><\/p>\n<p>(+34) 971 65 71 73<\/p>\t\t\t\t\t\t\t\t<\/div>\n\t\t\t\t<\/div>\n\t\t\t\t<div class=\"elementor-element elementor-element-9c73d7c elementor-widget elementor-widget-spacer\" data-id=\"9c73d7c\" data-element_type=\"widget\" data-e-type=\"widget\" data-widget_type=\"spacer.default\">\n\t\t\t\t<div class=\"elementor-widget-container\">\n\t\t\t\t\t\t\t<div class=\"elementor-spacer\">\n\t\t\t<div class=\"elementor-spacer-inner\"><\/div>\n\t\t<\/div>\n\t\t\t\t\t\t<\/div>\n\t\t\t\t<\/div>\n\t\t\t\t\t<\/div>\n\t\t\t\t<\/div>\n\t\t\t\t<\/div>\n\t\t","protected":false},"excerpt":{"rendered":"<p>Abholung im Flughaferparkhaus Nachdem du dein Gep\u00e4ck abgeholt hast, verlasse das Ankunftsterminal durch AUSGANG 04 und gehe \u00fcber den Fu\u00dfweg im Freien zum Parkhaus. Wenn Sie den Zebrastreifen \u00fcberqueren, gehen Sie geradeaus. Einer unserer Mitarbeiter wird Sie neben dem Geldautomaten erwarten, den Sie auf dem Foto sehen. Falls du unseren Mitarbeiter nicht finden kannst, ruf [&hellip;]<\/p>\n","protected":false},"author":1,"featured_media":0,"parent":0,"menu_order":0,"comment_status":"closed","ping_status":"closed","template":"elementor_canvas","meta":{"footnotes":""},"class_list":["post-23571","page","type-page","status-publish","hentry"],"_links":{"self":[{"href":"https:\/\/roig.com\/de\/wp-json\/wp\/v2\/pages\/23571","targetHints":{"allow":["GET"]}}],"collection":[{"href":"https:\/\/roig.com\/de\/wp-json\/wp\/v2\/pages"}],"about":[{"href":"https:\/\/roig.com\/de\/wp-json\/wp\/v2\/types\/page"}],"author":[{"embeddable":true,"href":"https:\/\/roig.com\/de\/wp-json\/wp\/v2\/users\/1"}],"replies":[{"embeddable":true,"href":"https:\/\/roig.com\/de\/wp-json\/wp\/v2\/comments?post=23571"}],"version-history":[{"count":4,"href":"https:\/\/roig.com\/de\/wp-json\/wp\/v2\/pages\/23571\/revisions"}],"predecessor-version":[{"id":23585,"href":"https:\/\/roig.com\/de\/wp-json\/wp\/v2\/pages\/23571\/revisions\/23585"}],"wp:attachment":[{"href":"https:\/\/roig.com\/de\/wp-json\/wp\/v2\/media?parent=23571"}],"curies":[{"name":"wp","href":"https:\/\/api.w.org\/{rel}","templated":true}]}}