{"id":16212,"date":"2024-07-07T19:25:45","date_gmt":"2024-07-07T17:25:45","guid":{"rendered":"https:\/\/roig.zds.es\/mallorca-transfer\/destinos\/palma-de-mallorca\/"},"modified":"2025-06-20T11:00:08","modified_gmt":"2025-06-20T09:00:08","slug":"palma-de-mallorca","status":"publish","type":"page","link":"https:\/\/roig.com\/de\/mallorca-transfer\/reiseziele\/palma-de-mallorca\/","title":{"rendered":"Luxusauto-Verleih in Palma de Mallorca"},"content":{"rendered":"\t\t<div data-elementor-type=\"wp-page\" data-elementor-id=\"16212\" class=\"elementor elementor-16212 elementor-2157\" data-elementor-post-type=\"page\">\n\t\t\t\t<div class=\"elementor-element elementor-element-97a8427 e-flex e-con-boxed e-con e-parent\" data-id=\"97a8427\" data-element_type=\"container\" data-e-type=\"container\">\n\t\t\t\t\t<div class=\"e-con-inner\">\n\t\t\t\t<div class=\"elementor-element elementor-element-6250881 elementor-widget elementor-widget-heading\" data-id=\"6250881\" data-element_type=\"widget\" data-e-type=\"widget\" data-widget_type=\"heading.default\">\n\t\t\t\t<div class=\"elementor-widget-container\">\n\t\t\t\t\t<h1 class=\"elementor-heading-title elementor-size-default\">Luxusauto-Verleih in Palma de Mallorca<\/h1>\t\t\t\t<\/div>\n\t\t\t\t<\/div>\n\t\t\t\t\t<\/div>\n\t\t\t\t<\/div>\n\t\t<div class=\"elementor-element elementor-element-684a84c e-flex e-con-boxed e-con e-parent\" data-id=\"684a84c\" data-element_type=\"container\" data-e-type=\"container\">\n\t\t\t\t\t<div class=\"e-con-inner\">\n\t\t<div class=\"elementor-element elementor-element-1950d0a e-con-full e-flex e-con e-child\" data-id=\"1950d0a\" data-element_type=\"container\" data-e-type=\"container\" data-settings=\"{&quot;background_background&quot;:&quot;classic&quot;}\">\n\t\t\t\t<div class=\"elementor-element elementor-element-e5e3628 elementor-widget elementor-widget-text-editor\" data-id=\"e5e3628\" data-element_type=\"widget\" data-e-type=\"widget\" data-widget_type=\"text-editor.default\">\n\t\t\t\t<div class=\"elementor-widget-container\">\n\t\t\t\t\t\t\t\t\t<p>Bei ROIG Premium Mobility bieten wir Ihnen eine sorgf\u00e4ltig zusammengestellte Auswahl der prestigetr\u00e4chtigsten und anspruchsvollsten Modelle auf dem Markt. Unsere moderne Fahrzeugflotte wird st\u00e4ndig erneuert, sodass Sie stets die neueste Technik, h\u00f6chsten Komfort und stilvolles Design genie\u00dfen k\u00f6nnen. Von leistungsstarken Sportwagen bis hin zu luxuri\u00f6sen Limousinen und Premium-SUVs finden Sie hier den perfekten Begleiter, um Ihren Aufenthalt in Palma de Mallorca zu einem unvergesslichen Erlebnis zu machen.  <\/p>\n<p>Aber wir bieten Dir nicht nur Traumfahrzeuge, sondern verpflichten uns auch, Dir einen au\u00dfergew\u00f6hnlichen Service zu bieten. Unser Team aus hochqualifizierten Fachleuten steht Dir jederzeit zur Verf\u00fcgung, um Deine Bed\u00fcrfnisse zu erf\u00fcllen und Deine Erwartungen zu \u00fcbertreffen. Wir legen gro\u00dfen Wert auf pers\u00f6nliche Betreuung, passen uns Deinen W\u00fcnschen an und bieten Dir kompetente Beratung, damit Du Deinen Luxuswagen-Mietwagen in vollen Z\u00fcgen genie\u00dfen kannst.  <\/p>\n<p>Au\u00dferdem verstehen wir bei ROIG Premium Mobility die Bedeutung eines guten Preis-Leistungs-Verh\u00e4ltnisses. Deshalb garantieren wir Dir unschlagbare Preise auf dem Markt f\u00fcr <strong>Luxuswagenvermietung in Palma de Mallorca<\/strong>. Wir m\u00f6chten, dass Du das Erlebnis, ein exklusives Fahrzeug zu fahren, genie\u00dfen kannst, ohne Dir Sorgen um Dein Budget machen zu m\u00fcssen.  <\/p>\n\t\t\t\t\t\t\t\t<\/div>\n\t\t\t\t<\/div>\n\t\t\t\t<\/div>\n\t\t\t\t\t<\/div>\n\t\t\t\t<\/div>\n\t\t<div class=\"elementor-element elementor-element-cb9e737 e-flex e-con-boxed e-con e-parent\" data-id=\"cb9e737\" data-element_type=\"container\" data-e-type=\"container\">\n\t\t\t\t\t<div class=\"e-con-inner\">\n\t\t<div class=\"elementor-element elementor-element-fec9c52 e-con-full e-flex e-con e-child\" data-id=\"fec9c52\" data-element_type=\"container\" data-e-type=\"container\">\n\t\t\t\t<div class=\"elementor-element elementor-element-b71aac4 elementor-widget elementor-widget-heading\" data-id=\"b71aac4\" data-element_type=\"widget\" data-e-type=\"widget\" data-widget_type=\"heading.default\">\n\t\t\t\t<div class=\"elementor-widget-container\">\n\t\t\t\t\t<h2 class=\"elementor-heading-title elementor-size-default\">Unsere Luxusflotte in Palma de Mallorca\n<\/h2>\t\t\t\t<\/div>\n\t\t\t\t<\/div>\n\t\t\t\t<div class=\"elementor-element elementor-element-524e5b6 elementor-widget elementor-widget-text-editor\" data-id=\"524e5b6\" data-element_type=\"widget\" data-e-type=\"widget\" data-widget_type=\"text-editor.default\">\n\t\t\t\t<div class=\"elementor-widget-container\">\n\t\t\t\t\t\t\t\t\t<p>M\u00f6chten Sie in Palma de Mallorca einen Premiumwagen mieten? Bei ROIG Premium Mobility bieten wir eine gro\u00dfe Auswahl an hochwertigen Fahrzeugen, darunter die neuesten Modelle von Marken wie Porsche, BMW und Audi. <\/p>\n<p>Vertrauen Sie auf unsere langj\u00e4hrige Erfahrung in der Branche und entdecken Sie alle Vorteile, die ROIG Premium Mobility bei der Anmietung von Luxusfahrzeugen in Palma de Mallorca bietet. Ganz gleich, ob Sie aufregende Abenteuer entlang der K\u00fcste suchen, die Reize der Stadt erkunden oder die malerischen D\u00f6rfer der Insel entdecken m\u00f6chten \u2013 unser Premium-Service begleitet Sie auf jedem Schritt Ihrer Reise. <\/p>\n<p>Nicht nur das, bei ROIG Premium Mobility bieten wir Ihnen zudem einen pers\u00f6nlichen, diskreten und erstklassigen Service.<\/p>\n\t\t\t\t\t\t\t\t<\/div>\n\t\t\t\t<\/div>\n\t\t<div class=\"elementor-element elementor-element-0062e73 e-con-full e-flex e-con e-child\" data-id=\"0062e73\" data-element_type=\"container\" data-e-type=\"container\" data-settings=\"{&quot;background_background&quot;:&quot;classic&quot;}\">\n\t\t\t\t<div class=\"elementor-element elementor-element-5b9cb1f elementor-widget elementor-widget-text-editor\" data-id=\"5b9cb1f\" data-element_type=\"widget\" data-e-type=\"widget\" data-widget_type=\"text-editor.default\">\n\t\t\t\t<div class=\"elementor-widget-container\">\n\t\t\t\t\t\t\t\t\t<p><main id=\"content\" class=\"neve-main\"><\/main><\/p>\n<div class=\" container-fluid single-page-container\">\n<div class=\"row\">\n<div class=\"nv-single-page-wrap col\">\n<div class=\"nv-content-wrap entry-content\">\n<div class=\"wp-block-columns is-layout-flex wp-container-core-columns-is-layout-4 wp-block-columns-is-layout-flex\" data-block-type=\"core\">\n<div class=\"wp-block-column is-layout-flow wp-block-column-is-layout-flow\" data-block-type=\"core\">\n<p class=\"container\">Wenn Sie eine Luxuswagenmiete auf Mallorca suchen, bietet Ihnen ROIG Mobility &amp; Experiences den Schl\u00fcssel, um alle Sch\u00e4tze der Insel an Bord eines Luxusfahrzeugs zu entdecken, das alle Blicke auf sich zieht. Warten Sie nicht l\u00e4nger und reservieren Sie noch heute Ihr Traumauto! <\/p>\n<\/div>\n<\/div>\n<\/div>\n<\/div>\n<\/div>\n<\/div>\n<div class=\"elementor elementor-35078 elementor-location-footer\" data-elementor-type=\"footer\" data-elementor-id=\"35078\">\n<div class=\"elementor-section-wrap\">\n<section class=\"elementor-section elementor-top-section elementor-element elementor-element-573c196 elementor-section-boxed elementor-section-height-default elementor-section-height-default\" data-id=\"573c196\" data-element_type=\"section\" data-settings=\"{\"background_background\":\"classic\"}\">\n<div class=\"elementor-container elementor-column-gap-default\">\n<div class=\"elementor-column elementor-col-25 elementor-top-column elementor-element elementor-element-0b5e43d\" data-id=\"0b5e43d\" data-element_type=\"column\">\n<div class=\"elementor-widget-wrap elementor-element-populated\">\n<div class=\"elementor-element elementor-element-4e8e5eb elementor-widget elementor-widget-image\" data-id=\"4e8e5eb\" data-element_type=\"widget\" data-widget_type=\"image.default\"> <\/div>\n<\/div>\n<\/div>\n<\/div>\n<\/section>\n<\/div>\n<\/div>\n\t\t\t\t\t\t\t\t<\/div>\n\t\t\t\t<\/div>\n\t\t\t\t<\/div>\n\t\t\t\t<\/div>\n\t\t<div class=\"elementor-element elementor-element-3f70561 e-con-full e-flex e-con e-child\" data-id=\"3f70561\" data-element_type=\"container\" data-e-type=\"container\">\n\t\t\t\t<div class=\"elementor-element elementor-element-ce4c187 elementor-widget elementor-widget-image\" data-id=\"ce4c187\" data-element_type=\"widget\" data-e-type=\"widget\" data-widget_type=\"image.default\">\n\t\t\t\t<div class=\"elementor-widget-container\">\n\t\t\t\t\t\t\t\t\t\t\t\t\t\t\t<img fetchpriority=\"high\" decoding=\"async\" width=\"400\" height=\"252\" src=\"https:\/\/roig.com\/wp-content\/uploads\/2024\/07\/BMW-X1_interior-400x252.jpg.webp\" class=\"attachment-large size-large wp-image-2136\" alt=\"\" srcset=\"https:\/\/roig.com\/wp-content\/uploads\/2024\/07\/BMW-X1_interior-400x252.jpg.webp 400w, https:\/\/roig.com\/wp-content\/uploads\/2024\/07\/BMW-X1_interior-400x252.jpg-300x189.webp 300w\" sizes=\"(max-width: 400px) 100vw, 400px\">\t\t\t\t\t\t\t\t\t\t\t\t\t\t\t<\/div>\n\t\t\t\t<\/div>\n\t\t\t\t<div class=\"elementor-element elementor-element-5deb909 elementor-widget elementor-widget-image\" data-id=\"5deb909\" data-element_type=\"widget\" data-e-type=\"widget\" data-widget_type=\"image.default\">\n\t\t\t\t<div class=\"elementor-widget-container\">\n\t\t\t\t\t\t\t\t\t\t\t\t\t\t\t<img decoding=\"async\" width=\"400\" height=\"252\" src=\"https:\/\/roig.com\/wp-content\/uploads\/2024\/07\/Mercedes-EQE_luces-400x252.jpg.webp\" class=\"attachment-large size-large wp-image-2141\" alt=\"\" srcset=\"https:\/\/roig.com\/wp-content\/uploads\/2024\/07\/Mercedes-EQE_luces-400x252.jpg.webp 400w, https:\/\/roig.com\/wp-content\/uploads\/2024\/07\/Mercedes-EQE_luces-400x252.jpg-300x189.webp 300w\" sizes=\"(max-width: 400px) 100vw, 400px\">\t\t\t\t\t\t\t\t\t\t\t\t\t\t\t<\/div>\n\t\t\t\t<\/div>\n\t\t\t\t<\/div>\n\t\t\t\t\t<\/div>\n\t\t\t\t<\/div>\n\t\t<div class=\"elementor-element elementor-element-6034f4e e-flex e-con-boxed e-con e-parent\" data-id=\"6034f4e\" data-element_type=\"container\" data-e-type=\"container\">\n\t\t\t\t\t<div class=\"e-con-inner\">\n\t\t<div class=\"elementor-element elementor-element-72718a0 e-con-full e-flex e-con e-child\" data-id=\"72718a0\" data-element_type=\"container\" data-e-type=\"container\">\n\t\t\t\t<div class=\"elementor-element elementor-element-d8a0539 elementor-widget elementor-widget-heading\" data-id=\"d8a0539\" data-element_type=\"widget\" data-e-type=\"widget\" data-widget_type=\"heading.default\">\n\t\t\t\t<div class=\"elementor-widget-container\">\n\t\t\t\t\t<span class=\"elementor-heading-title elementor-size-default\">PREMIUM<\/span>\t\t\t\t<\/div>\n\t\t\t\t<\/div>\n\t\t\t\t<div class=\"elementor-element elementor-element-373fbb3 elementor-widget elementor-widget-heading\" data-id=\"373fbb3\" data-element_type=\"widget\" data-e-type=\"widget\" data-widget_type=\"heading.default\">\n\t\t\t\t<div class=\"elementor-widget-container\">\n\t\t\t\t\t<h2 class=\"elementor-heading-title elementor-size-default\">Weitere Ziele <br>f\u00fcr Luxusautovermietung<\/h2>\t\t\t\t<\/div>\n\t\t\t\t<\/div>\n\t\t\t\t<div class=\"elementor-element elementor-element-b73620b elementor-widget__width-initial elementor-widget-mobile__width-initial elementor-widget elementor-widget-text-editor\" data-id=\"b73620b\" data-element_type=\"widget\" data-e-type=\"widget\" data-widget_type=\"text-editor.default\">\n\t\t\t\t<div class=\"elementor-widget-container\">\n\t\t\t\t\t\t\t\t\t<p>Bei ROIG Mobility &amp; Experiences m\u00f6chten wir dich zu den besten Sehensw\u00fcrdigkeiten auf Mallorca bringen und dir die Insel so n\u00e4herbringen, wie es die Einheimischen tun.<\/p>\n\t\t\t\t\t\t\t\t<\/div>\n\t\t\t\t<\/div>\n\t\t\t\t<\/div>\n\t\t<div class=\"elementor-element elementor-element-3ee67f7 e-con-full e-flex e-con e-child\" data-id=\"3ee67f7\" data-element_type=\"container\" data-e-type=\"container\">\n\t\t\t\t<\/div>\n\t\t\t\t\t<\/div>\n\t\t\t\t<\/div>\n\t\t<div class=\"elementor-element elementor-element-b387656 e-con-full e-flex e-con e-parent\" data-id=\"b387656\" data-element_type=\"container\" data-e-type=\"container\" id=\"textswiper\">\n\t\t\t\t<div class=\"elementor-element elementor-element-94f1028 elementor-widget elementor-widget-jet-carousel\" data-id=\"94f1028\" data-element_type=\"widget\" data-e-type=\"widget\" data-settings=\"{&quot;slides_to_show_mobile&quot;:&quot;2&quot;,&quot;slides_to_scroll_mobile&quot;:&quot;1&quot;,&quot;slides_to_show&quot;:&quot;2&quot;,&quot;slides_to_scroll&quot;:&quot;1&quot;}\" data-widget_type=\"jet-carousel.default\">\n\t\t\t\t<div class=\"elementor-widget-container\">\n\t\t\t\t\t<div class=\"elementor-jet-carousel jet-elements\"><div class=\"jet-carousel-wrap jet-equal-cols\">\n\t<div class=\"jet-carousel\" data-slider_options=\"{&quot;autoplaySpeed&quot;:5000,&quot;autoplay&quot;:false,&quot;infinite&quot;:false,&quot;centerMode&quot;:false,&quot;centerPadding&quot;:&quot;50px&quot;,&quot;pauseOnHover&quot;:false,&quot;speed&quot;:500,&quot;arrows&quot;:false,&quot;dots&quot;:false,&quot;variableWidth&quot;:false,&quot;prevArrow&quot;:&quot;.jet-carousel__prev-arrow-94f1028&quot;,&quot;nextArrow&quot;:&quot;.jet-carousel__next-arrow-94f1028&quot;,&quot;rtl&quot;:false,&quot;fractionNav&quot;:false}\" dir=\"ltr\">\n\t<div class=\"elementor-slick-slider\">\n\n<div class=\"jet-carousel__item\">\n\t<div class=\"jet-carousel__item-inner\"><a href=\"\/de\/mallorca-transfer\/reiseziele\/premium-reiseziel-cala-dor\/\" class=\"jet-carousel__item-link\" ><img decoding=\"async\" src=\"https:\/\/roig.com\/wp-content\/uploads\/2025\/03\/Cala-dOr-04-620x330_c-1-600x319.jpg.webp\" class=\"jet-carousel__item-img\" alt=\"Cala-dOr-04-620x330_c-1-600x319.jpg\" loading=\"lazy\"><\/a><div class=\"jet-carousel__content\"><h4 class=\"jet-carousel__item-title\">Luxusauto-Verleih in Cala d'Or<\/h4><div class=\"jet-carousel__item-text\"><p><span class=\"stk-highlight\">Cala d'Or, gelegen an der S\u00fcdostk\u00fcste von Mallorca und s\u00fcdlich von Portocolom, ist der Haupttouristenort der Gemeinde Santany\u00ed. Ihre Lage in einer der sch\u00f6nsten Gegenden der K\u00fcste der Insel sowie ihre N\u00e4he zu anderen charmanten Orten wie Cala Ferrera, Cala Serena oder Portopetro erkl\u00e4ren, warum es sich lohnt, Cala d'Or zu genie\u00dfen. M\u00f6chten Sie ein Luxusauto auf Mallorca in dieser Gegend mieten? <\/span> Die B\u00fcros von ROIG Premium Mobility sind nur einen Schritt entfernt!<\/p><\/div><\/div><\/div>\n<\/div>\n\n<div class=\"jet-carousel__item\">\n\t<div class=\"jet-carousel__item-inner\"><a href=\"\/de\/mallorca-transfer\/reiseziele\/luxusautovermietung-in-alcudia\/\" class=\"jet-carousel__item-link\" ><img decoding=\"async\" src=\"https:\/\/roig.com\/wp-content\/uploads\/2025\/03\/Alcudia-Beach-Mallorca-Balearic-Islands-Spain-shutterstock_157484990-Copy-620x330-1-600x319.jpg.webp\" class=\"jet-carousel__item-img\" alt=\"Alcudia-Beach-Mallorca-Balearic-Islands-Spain-shutterstock_157484990-Copy-620x330-1-600x319.jpg\" loading=\"lazy\"><\/a><div class=\"jet-carousel__content\"><h4 class=\"jet-carousel__item-title\">Luxusauto-Verleih in Alc\u00fadia, Mallorca<\/h4><div class=\"jet-carousel__item-text\"><p><strong>Alc\u00fadia<\/strong> ist eine Ortschaft auf der Insel Mallorca, bekannt f\u00fcr ihre nat\u00fcrliche Sch\u00f6nheit, wei\u00dfe Sandstr\u00e4nde und kristallklares Wasser. Neben der von Mauern umgebenen Altstadt sp\u00fcrt man in Alc\u00fadia <strong>Luxus, Raffinesse und Klasse<\/strong> sowohl bei den Einheimischen als auch bei den Besuchern, die sich entscheiden, hier ihren Urlaub zu verbringen.<\/p><\/div><\/div><\/div>\n<\/div>\n\n<div class=\"jet-carousel__item\">\n\t<div class=\"jet-carousel__item-inner\"><a href=\"\/de\/mallorca-transfer\/reiseziele\/luxus-mietwagen-in-port-dalcudia\/\" class=\"jet-carousel__item-link\" ><img decoding=\"async\" src=\"https:\/\/roig.com\/wp-content\/uploads\/2024\/08\/port-de-alcudia-at-sunrise-mallorca-2023-11-27-05-34-33-utc.webp\" class=\"jet-carousel__item-img\" alt=\"port-de-alcudia-at-sunrise-mallorca-2023-11-27-05-34-33-utc\" loading=\"lazy\"><\/a><div class=\"jet-carousel__content\"><h4 class=\"jet-carousel__item-title\">Luxusauto-Verleih in Port d'Alc\u00fadia<\/h4><div class=\"jet-carousel__item-text\"><p><strong>Port d'Alc\u00fadia<\/strong> ist ein <a href=\"https:\/\/roig.com\/roigpremium\/destinos\/\">Premium-Urlaubsziele<\/a> an der Nordk\u00fcste von Mallorca. Der weitl\u00e4ufige wei\u00dfe Sandstrand und das kristallklare Wasser sind bei Sonnen- und Meerliebhabern sehr beliebt, aber auch f\u00fcr diejenigen, die einen <strong>luxuri\u00f6sen Urlaub suchen<\/strong>.<\/p><\/div><\/div><\/div>\n<\/div>\n\n<div class=\"jet-carousel__item\">\n\t<div class=\"jet-carousel__item-inner\"><a href=\"\/de\/mallorca-transfer\/reiseziele\/premium-destino-santanyi\/\" class=\"jet-carousel__item-link\" ><img decoding=\"async\" src=\"https:\/\/roig.com\/wp-content\/uploads\/2025\/03\/Cala-Santanyi-768x323-1-600x252.jpg.webp\" class=\"jet-carousel__item-img\" alt=\"Cala-Santanyi-768x323-1-600x252.jpg\" loading=\"lazy\"><\/a><div class=\"jet-carousel__content\"><h4 class=\"jet-carousel__item-title\">Luxusauto-Verleih in Santany\u00ed<\/h4><div class=\"jet-carousel__item-text\"><p>Wir laden dich ein, unseren exklusiven Autoverleih-Service in Santany\u00ed zu entdecken, bei dem du aus einer breiten Auswahl an Luxusfahrzeugen w\u00e4hlen kannst. Unsere regelm\u00e4\u00dfig erneuerte Flotte umfasst die herausragendsten und anspruchsvollsten Modelle, die ein unvergleichliches Fahrerlebnis garantieren.<\/p><\/div><\/div><\/div>\n<\/div>\n\n<div class=\"jet-carousel__item\">\n\t<div class=\"jet-carousel__item-inner\"><a href=\"\/de\/mallorca-transfer\/reiseziele\/luxus-autovermietung-in-portals\/\" class=\"jet-carousel__item-link\" ><img decoding=\"async\" src=\"https:\/\/roig.com\/wp-content\/uploads\/2025\/03\/boat-in-sunset-floating-on-the-sea-in-turkey-2025-02-24-21-17-46-utc.webp\" class=\"jet-carousel__item-img\" alt=\"boat-in-sunset-floating-on-the-sea-in-turkey-2025-02-24-21-17-46-utc\" loading=\"lazy\"><\/a><div class=\"jet-carousel__content\"><h4 class=\"jet-carousel__item-title\">Luxusauto-Verleih in Portals<\/h4><div class=\"jet-carousel__item-text\"><p><strong>Suchst du einen Luxusauto-Verleih in Portals? Du bist am richtigen Ort! <\/strong> Portals ist ein exklusiver Hafen an der S\u00fcdwestk\u00fcste von Mallorca. Er ist bekannt als <strong>eines der luxuri\u00f6sesten und glamour\u00f6sesten Ziele der Insel<\/strong>, das Besucher anzieht, die die Raffinesse in einer der privilegiertesten maritimen Umgebungen erleben m\u00f6chten.<\/p><\/div><\/div><\/div>\n<\/div>\n\n<div class=\"jet-carousel__item\">\n\t<div class=\"jet-carousel__item-inner\"><a href=\"\/de\/mallorca-transfer\/reiseziele\/luxus-autovermietung-in-port-adriano\/\" class=\"jet-carousel__item-link\" ><img decoding=\"async\" src=\"https:\/\/roig.com\/wp-content\/uploads\/2025\/03\/Proyecto-nuevo-7-2-600x319.jpg.webp\" class=\"jet-carousel__item-img\" alt=\"Proyecto-nuevo-7-2-600x319.jpg\" loading=\"lazy\"><\/a><div class=\"jet-carousel__content\"><h4 class=\"jet-carousel__item-title\">Luxusauto-Verleih in Port Adriano<\/h4><div class=\"jet-carousel__item-text\"><p><strong>Suchst du einen Luxusauto-Verleih in Port Adriano? Vertraue auf ROIG Mobility &amp; Experiences. <\/strong>Port Adriano ist eine exklusive Marina und ein Yachthafen, der vom Architekten Philippe Starck entworfen wurde. Er ist bekannt f\u00fcr sein <strong>modernes und luxuri\u00f6ses Design<\/strong>, das Einrichtungen und Dienstleistungen f\u00fcr Luxusboote und -yachten bietet. Hier befinden sich auch glamour\u00f6se Restaurants, Luxus-Boutiquen und exklusive Veranstaltungen werden abgehalten.<\/p><\/div><\/div><\/div>\n<\/div>\n<\/div><\/div>\n<\/div>\n<\/div>\t\t\t\t<\/div>\n\t\t\t\t<\/div>\n\t\t\t\t<\/div>\n\t\t\t\t<\/div>\n\t\t","protected":false},"excerpt":{"rendered":"<p>Luxusauto-Verleih in Palma de Mallorca Bei ROIG Premium Mobility bieten wir Ihnen eine sorgf\u00e4ltig zusammengestellte Auswahl der prestigetr\u00e4chtigsten und anspruchsvollsten Modelle auf dem Markt. Unsere moderne Fahrzeugflotte wird st\u00e4ndig erneuert, sodass Sie stets die neueste Technik, h\u00f6chsten Komfort und stilvolles Design genie\u00dfen k\u00f6nnen. Von leistungsstarken Sportwagen bis hin zu luxuri\u00f6sen Limousinen und Premium-SUVs finden Sie [&hellip;]<\/p>\n","protected":false},"author":1,"featured_media":16089,"parent":15560,"menu_order":0,"comment_status":"closed","ping_status":"closed","template":"","meta":{"footnotes":""},"class_list":["post-16212","page","type-page","status-publish","has-post-thumbnail","hentry"],"_links":{"self":[{"href":"https:\/\/roig.com\/de\/wp-json\/wp\/v2\/pages\/16212","targetHints":{"allow":["GET"]}}],"collection":[{"href":"https:\/\/roig.com\/de\/wp-json\/wp\/v2\/pages"}],"about":[{"href":"https:\/\/roig.com\/de\/wp-json\/wp\/v2\/types\/page"}],"author":[{"embeddable":true,"href":"https:\/\/roig.com\/de\/wp-json\/wp\/v2\/users\/1"}],"replies":[{"embeddable":true,"href":"https:\/\/roig.com\/de\/wp-json\/wp\/v2\/comments?post=16212"}],"version-history":[{"count":0,"href":"https:\/\/roig.com\/de\/wp-json\/wp\/v2\/pages\/16212\/revisions"}],"up":[{"embeddable":true,"href":"https:\/\/roig.com\/de\/wp-json\/wp\/v2\/pages\/15560"}],"wp:featuredmedia":[{"embeddable":true,"href":"https:\/\/roig.com\/de\/wp-json\/wp\/v2\/media\/16089"}],"wp:attachment":[{"href":"https:\/\/roig.com\/de\/wp-json\/wp\/v2\/media?parent=16212"}],"curies":[{"name":"wp","href":"https:\/\/api.w.org\/{rel}","templated":true}]}}