{"id":14083,"date":"2025-04-22T12:59:08","date_gmt":"2025-04-22T10:59:08","guid":{"rendered":"https:\/\/roig.zds.es\/?page_id=14083"},"modified":"2026-03-24T14:52:42","modified_gmt":"2026-03-24T13:52:42","slug":"treffpunkt-flughafen","status":"publish","type":"page","link":"https:\/\/roig.com\/de\/treffpunkt-flughafen\/","title":{"rendered":"Unser B\u00fcro am Flughafen Palma de Mallorca"},"content":{"rendered":"\t\t<div data-elementor-type=\"wp-page\" data-elementor-id=\"14083\" class=\"elementor elementor-14083 elementor-14080\" data-elementor-post-type=\"page\">\n\t\t\t\t<div class=\"elementor-element elementor-element-9bb5b55 e-flex e-con-boxed e-con e-parent\" data-id=\"9bb5b55\" data-element_type=\"container\" data-e-type=\"container\">\n\t\t\t\t\t<div class=\"e-con-inner\">\n\t\t\t\t<div class=\"elementor-element elementor-element-438b777 elementor-widget elementor-widget-heading\" data-id=\"438b777\" data-element_type=\"widget\" data-e-type=\"widget\" data-widget_type=\"heading.default\">\n\t\t\t\t<div class=\"elementor-widget-container\">\n\t\t\t\t\t<h2 class=\"elementor-heading-title elementor-size-default\">Unser B\u00fcro am Flughafen Palma de Mallorca<\/h2>\t\t\t\t<\/div>\n\t\t\t\t<\/div>\n\t\t<div class=\"elementor-element elementor-element-716f42e e-con-full e-flex e-con e-child\" data-id=\"716f42e\" data-element_type=\"container\" data-e-type=\"container\">\n\t\t<div class=\"elementor-element elementor-element-e1daad1 e-grid e-con-full e-con e-child\" data-id=\"e1daad1\" data-element_type=\"container\" data-e-type=\"container\">\n\t\t\t\t<div class=\"elementor-element elementor-element-0dd1bb8 elementor-widget elementor-widget-text-editor\" data-id=\"0dd1bb8\" data-element_type=\"widget\" data-e-type=\"widget\" data-widget_type=\"text-editor.default\">\n\t\t\t\t<div class=\"elementor-widget-container\">\n\t\t\t\t\t\t\t\t\t<p>Nachdem Sie Ihr Gep\u00e4ck abgeholt haben, verlassen Sie die Gep\u00e4ckausgabe, gehen Sie links den Mittelgang hinunter und nehmen Sie den <strong>Ausgang 06<\/strong>.<\/p><p>Unser ROIG-B\u00fcro befindet sich links von <strong>EXIT 06.<\/strong><\/p><p>\u00a0<\/p><p>\u00a0<\/p><p>Bitte folgen Sie den Pfeilen auf der Karte, die Sie mit Ihrer Buchung erhalten haben <strong>(WICHTIG: Sie m\u00fcssen nicht auf den Parkplatz gehen).<\/strong><\/p><p>Unsere <strong>24-Stunden<\/strong>-Telefonnummer lautet <a href=\"tel:34971648119\"><strong>+34 971 64 80 56<\/strong><\/a>.<\/p>\t\t\t\t\t\t\t\t<\/div>\n\t\t\t\t<\/div>\n\t\t\t\t<div class=\"elementor-element elementor-element-6eb00bc elementor-widget elementor-widget-image\" data-id=\"6eb00bc\" data-element_type=\"widget\" data-e-type=\"widget\" data-widget_type=\"image.default\">\n\t\t\t\t<div class=\"elementor-widget-container\">\n\t\t\t\t\t\t\t\t\t\t\t\t\t\t\t<img fetchpriority=\"high\" decoding=\"async\" width=\"1536\" height=\"2048\" src=\"https:\/\/roig.com\/wp-content\/uploads\/2026\/03\/DSC07659-e1773994620277.jpg\" class=\"attachment-full size-full wp-image-27269\" alt=\"\">\t\t\t\t\t\t\t\t\t\t\t\t\t\t\t<\/div>\n\t\t\t\t<\/div>\n\t\t\t\t<\/div>\n\t\t\t\t<\/div>\n\t\t\t\t\t<\/div>\n\t\t\t\t<\/div>\n\t\t<div class=\"elementor-element elementor-element-59383ad e-flex e-con-boxed e-con e-parent\" data-id=\"59383ad\" data-element_type=\"container\" data-e-type=\"container\">\n\t\t\t\t\t<div class=\"e-con-inner\">\n\t\t\t\t<div class=\"elementor-element elementor-element-20c2e6d elementor-widget elementor-widget-image\" data-id=\"20c2e6d\" data-element_type=\"widget\" data-e-type=\"widget\" data-widget_type=\"image.default\">\n\t\t\t\t<div class=\"elementor-widget-container\">\n\t\t\t\t\t\t\t\t\t\t\t\t\t\t\t<img decoding=\"async\" width=\"800\" height=\"363\" src=\"https:\/\/roig.com\/wp-content\/uploads\/2026\/03\/Plano_Oficina_2025_DE-1024x464.jpg\" class=\"attachment-large size-large wp-image-27534\" alt=\"\" srcset=\"https:\/\/roig.com\/wp-content\/uploads\/2026\/03\/Plano_Oficina_2025_DE-1024x464.jpg 1024w, https:\/\/roig.com\/wp-content\/uploads\/2026\/03\/Plano_Oficina_2025_DE-300x136.jpg 300w, https:\/\/roig.com\/wp-content\/uploads\/2026\/03\/Plano_Oficina_2025_DE-768x348.jpg 768w, https:\/\/roig.com\/wp-content\/uploads\/2026\/03\/Plano_Oficina_2025_DE-1536x696.jpg 1536w, https:\/\/roig.com\/wp-content\/uploads\/2026\/03\/Plano_Oficina_2025_DE-2048x929.jpg 2048w\" sizes=\"(max-width: 800px) 100vw, 800px\">\t\t\t\t\t\t\t\t\t\t\t\t\t\t\t<\/div>\n\t\t\t\t<\/div>\n\t\t\t\t\t<\/div>\n\t\t\t\t<\/div>\n\t\t\t\t<\/div>\n\t\t","protected":false},"excerpt":{"rendered":"<p>Unser B\u00fcro am Flughafen Palma de Mallorca Nachdem Sie Ihr Gep\u00e4ck abgeholt haben, verlassen Sie die Gep\u00e4ckausgabe, gehen Sie links den Mittelgang hinunter und nehmen Sie den Ausgang 06. Unser ROIG-B\u00fcro befindet sich links von EXIT 06. \u00a0 \u00a0 Bitte folgen Sie den Pfeilen auf der Karte, die Sie mit Ihrer Buchung erhalten haben (WICHTIG: [&hellip;]<\/p>\n","protected":false},"author":3,"featured_media":0,"parent":0,"menu_order":0,"comment_status":"closed","ping_status":"closed","template":"elementor_canvas","meta":{"footnotes":""},"class_list":["post-14083","page","type-page","status-publish","hentry"],"_links":{"self":[{"href":"https:\/\/roig.com\/de\/wp-json\/wp\/v2\/pages\/14083","targetHints":{"allow":["GET"]}}],"collection":[{"href":"https:\/\/roig.com\/de\/wp-json\/wp\/v2\/pages"}],"about":[{"href":"https:\/\/roig.com\/de\/wp-json\/wp\/v2\/types\/page"}],"author":[{"embeddable":true,"href":"https:\/\/roig.com\/de\/wp-json\/wp\/v2\/users\/3"}],"replies":[{"embeddable":true,"href":"https:\/\/roig.com\/de\/wp-json\/wp\/v2\/comments?post=14083"}],"version-history":[{"count":6,"href":"https:\/\/roig.com\/de\/wp-json\/wp\/v2\/pages\/14083\/revisions"}],"predecessor-version":[{"id":27543,"href":"https:\/\/roig.com\/de\/wp-json\/wp\/v2\/pages\/14083\/revisions\/27543"}],"wp:attachment":[{"href":"https:\/\/roig.com\/de\/wp-json\/wp\/v2\/media?parent=14083"}],"curies":[{"name":"wp","href":"https:\/\/api.w.org\/{rel}","templated":true}]}}